{"id":102,"date":"2022-06-26T20:58:47","date_gmt":"2022-06-26T20:58:47","guid":{"rendered":"https:\/\/viruelamono.es\/?page_id=102"},"modified":"2024-08-22T12:02:57","modified_gmt":"2024-08-22T12:02:57","slug":"clinica-y-sintomas","status":"publish","type":"page","link":"https:\/\/viruelamono.es\/index.php\/clinica-y-sintomas\/","title":{"rendered":"S\u00edntomas del mpox"},"content":{"rendered":"\t\t<div data-elementor-type=\"wp-page\" data-elementor-id=\"102\" class=\"elementor elementor-102\">\n\t\t\t\t\t\t<section class=\"elementor-section elementor-top-section elementor-element elementor-element-e8b65ea elementor-section-boxed elementor-section-height-default elementor-section-height-default\" data-id=\"e8b65ea\" data-element_type=\"section\">\n\t\t\t\t\t\t<div class=\"elementor-container elementor-column-gap-default\">\n\t\t\t\t\t<div class=\"elementor-column elementor-col-100 elementor-top-column elementor-element elementor-element-73b5cf1\" data-id=\"73b5cf1\" data-element_type=\"column\">\n\t\t\t<div class=\"elementor-widget-wrap elementor-element-populated\">\n\t\t\t\t\t\t<div class=\"elementor-element elementor-element-53b93d9 elementor-widget elementor-widget-text-editor\" data-id=\"53b93d9\" data-element_type=\"widget\" data-widget_type=\"text-editor.default\">\n\t\t\t\t<div class=\"elementor-widget-container\">\n\t\t\t<style>\/*! elementor - v3.23.0 - 05-08-2024 *\/\n.elementor-widget-text-editor.elementor-drop-cap-view-stacked .elementor-drop-cap{background-color:#69727d;color:#fff}.elementor-widget-text-editor.elementor-drop-cap-view-framed .elementor-drop-cap{color:#69727d;border:3px solid;background-color:transparent}.elementor-widget-text-editor:not(.elementor-drop-cap-view-default) .elementor-drop-cap{margin-top:8px}.elementor-widget-text-editor:not(.elementor-drop-cap-view-default) .elementor-drop-cap-letter{width:1em;height:1em}.elementor-widget-text-editor .elementor-drop-cap{float:left;text-align:center;line-height:1;font-size:50px}.elementor-widget-text-editor .elementor-drop-cap-letter{display:inline-block}<\/style>\t\t\t\t<p>La infecci\u00f3n por la viruela de los monos suele ser una enfermedad autolimitada y la mayor\u00eda de las personas se recuperan en varias semanas. Sin embargo, en algunos casos puede producirse una enfermedad grave.<\/p><p><strong>Periodo de incubaci\u00f3n<\/strong><\/p><p>El per\u00edodo de incubaci\u00f3n es de 6 a 16 d\u00edas.<\/p><p><strong>S\u00edntomas<\/strong><\/p><p>El cuadro cl\u00ednico cl\u00e1sico inicial descrito hasta este brote suele incluir:<\/p><ul><li>Fiebre<\/li><li>Dolor de cabeza<\/li><li>Dolores musculares<\/li><li>Linfadenopat\u00edas<\/li><li>Cansancio.<\/li><\/ul><p>Entre 1 y 5 d\u00edas despu\u00e9s de la aparici\u00f3n de la fiebre, se desarrolla una erupci\u00f3n, que a menudo comienza en la cara y luego se extiende a otras partes del cuerpo.<\/p><p>La erupci\u00f3n tiende a concentrarse m\u00e1s en la cara, zona perigenital y las extremidades que en el tronco. Afecta a a cara (en el 95% de los casos), y las palmas de las manos y las plantas de los pies (en el 75% delos casos). Tambi\u00e9n se ven afectadas las mucosas orales (en el 70 % de los casos), los genitales\u00a0(30 %) y las conjuntivas (20 %), as\u00ed como la c\u00f3rnea.\u00a0En los primeros casos notificados asociados a este brote\u00a0las lesiones se han identificado en localizaci\u00f3n genital y peri-oral en un alto n\u00famero de casos.<\/p><p>Se suelen observar \u00e1reas de eritema o de\u00a0hiperpigmentaci\u00f3n de la piel alrededor de las lesiones. Las lesiones pueden variar de tama\u00f1o.\u00a0Caracter\u00edsticamente las lesiones evolucionan de forma uniforme y de manera secuencial de\u00a0m\u00e1culas a p\u00e1pulas, ves\u00edculas, p\u00fastulas y costras que se secan y se caen. El n\u00famero de lesiones\u00a0var\u00eda de unas pocas a varios miles. En casos graves, las lesiones pueden coalescer hasta que se desprenden grandes secciones de piel.<\/p><p><br \/>Los s\u00edntomas suelen durar entre 2 a 4 semanas. Los casos graves ocurren con mayor frecuencia\u00a0entre los ni\u00f1os, adultos j\u00f3venes y personas inmunocomprometidas y est\u00e1n relacionados con el\u00a0grado de exposici\u00f3n al virus y la vulnerabilidad de la persona.<\/p><p><br \/>Las complicaciones pueden incluir:<\/p><ul><li>Infecciones bacterianas secundarias<\/li><li>Bronconeumon\u00eda<\/li><li>Sepsis<\/li><li>Encefalitis<\/li><li>Infecci\u00f3n de la c\u00f3rnea con la consiguiente p\u00e9rdida de visi\u00f3n<\/li><\/ul><p>\u00a0<\/p><p><strong>Mortalidad<\/strong><\/p><p>Su presentaci\u00f3n\u00a0cl\u00ednica es m\u00e1s leve que la viruela, y se ha documentado que la tasa de letalidad para el subtipo de\u00a0\u00c1frica occidental es de alrededor del 1 %, mientras que para el subtipo de la cuenca del Congo\u00a0puede llegar al 10 %.<\/p><p><strong>Diagn\u00f3stico diferencial<\/strong><br \/>El diagn\u00f3stico diferencial cl\u00ednico que debe considerarse incluye otras enfermedades\u00a0exantem\u00e1ticas que pueden cursar con erupci\u00f3n pustulosa o vesicular generalizada, como:<\/p><ul><li>Viruela<\/li><li>Varicela<\/li><li>Herpes virus<\/li><li>Eczema herpeticum<\/li><li>Enterovirus (como coxsackie o echovirus)<\/li><li>Sarampi\u00f3n<\/li><li>Infecciones\u00a0cut\u00e1neas bacterianas<\/li><li>Sarna<\/li><li>S\u00edfilis<\/li><li>Alergias asociadas a medicamentos<\/li><li>Algunas enfermedades\u00a0dermatol\u00f3gicas<\/li><\/ul><p>La linfadenopat\u00eda durante la etapa prodr\u00f3mica de la enfermedad puede ser una\u00a0caracter\u00edstica cl\u00ednica para distinguir el monkeypox de la varicela o la viruela.<\/p>\t\t\t\t\t\t<\/div>\n\t\t\t\t<\/div>\n\t\t\t\t\t<\/div>\n\t\t<\/div>\n\t\t\t\t\t<\/div>\n\t\t<\/section>\n\t\t\t\t<section class=\"elementor-section elementor-top-section elementor-element elementor-element-0cba37d elementor-section-boxed elementor-section-height-default elementor-section-height-default\" data-id=\"0cba37d\" data-element_type=\"section\">\n\t\t\t\t\t\t<div class=\"elementor-container elementor-column-gap-default\">\n\t\t\t\t\t<div class=\"elementor-column elementor-col-100 elementor-top-column elementor-element elementor-element-8681f68\" data-id=\"8681f68\" data-element_type=\"column\">\n\t\t\t<div class=\"elementor-widget-wrap elementor-element-populated\">\n\t\t\t\t\t\t<div class=\"elementor-element elementor-element-4f45b55 elementor-widget elementor-widget-text-editor\" data-id=\"4f45b55\" data-element_type=\"widget\" data-widget_type=\"text-editor.default\">\n\t\t\t\t<div class=\"elementor-widget-container\">\n\t\t\t\t\t\t\t<p>Clado I<\/p>\n<li>Mpox se manifiesta con fiebre, dolor muscular y erupciones cut\u00e1neas que son dif\u00edciles de distinguir de otras enfermedades como la varicela en sus etapas iniciales.<\/li>\n<li>La enfermedad puede ser m\u00e1s severa en ni\u00f1os y personas inmunocomprometidas.<\/li><li><li>La infecci\u00f3n t\u00edpicamente presenta un exantema que puede ser generalizado y es el signo m\u00e1s com\u00fan entre los afectados.<\/li><li>Aproximadamente el 10% de los pacientes puede no presentar erupciones significativas.<\/li><\/li><div><br><\/div>\t\t\t\t\t\t<\/div>\n\t\t\t\t<\/div>\n\t\t\t\t\t<\/div>\n\t\t<\/div>\n\t\t\t\t\t<\/div>\n\t\t<\/section>\n\t\t\t\t<\/div>\n\t\t","protected":false},"excerpt":{"rendered":"<p>La infecci\u00f3n por la viruela de los monos suele ser una enfermedad autolimitada y la mayor\u00eda de las personas se recuperan en varias semanas. Sin embargo, en algunos casos puede producirse una enfermedad grave. Periodo de incubaci\u00f3n El per\u00edodo de <a href=\"https:\/\/viruelamono.es\/index.php\/clinica-y-sintomas\/\" class=\"read-more\">Leer m\u00e1s&#8230;<\/a><\/p>\n","protected":false},"author":1,"featured_media":0,"parent":0,"menu_order":0,"comment_status":"closed","ping_status":"closed","template":"","meta":{"footnotes":""},"class_list":["post-102","page","type-page","status-publish","hentry"],"_links":{"self":[{"href":"https:\/\/viruelamono.es\/index.php\/wp-json\/wp\/v2\/pages\/102","targetHints":{"allow":["GET"]}}],"collection":[{"href":"https:\/\/viruelamono.es\/index.php\/wp-json\/wp\/v2\/pages"}],"about":[{"href":"https:\/\/viruelamono.es\/index.php\/wp-json\/wp\/v2\/types\/page"}],"author":[{"embeddable":true,"href":"https:\/\/viruelamono.es\/index.php\/wp-json\/wp\/v2\/users\/1"}],"replies":[{"embeddable":true,"href":"https:\/\/viruelamono.es\/index.php\/wp-json\/wp\/v2\/comments?post=102"}],"version-history":[{"count":13,"href":"https:\/\/viruelamono.es\/index.php\/wp-json\/wp\/v2\/pages\/102\/revisions"}],"predecessor-version":[{"id":311,"href":"https:\/\/viruelamono.es\/index.php\/wp-json\/wp\/v2\/pages\/102\/revisions\/311"}],"wp:attachment":[{"href":"https:\/\/viruelamono.es\/index.php\/wp-json\/wp\/v2\/media?parent=102"}],"curies":[{"name":"wp","href":"https:\/\/api.w.org\/{rel}","templated":true}]}}