{"id":13,"date":"2022-06-26T18:38:45","date_gmt":"2022-06-26T18:38:45","guid":{"rendered":"https:\/\/viruelamono.es\/?page_id=13"},"modified":"2024-08-23T04:47:47","modified_gmt":"2024-08-23T04:47:47","slug":"diagnostico-mpox-monkeypox","status":"publish","type":"page","link":"https:\/\/viruelamono.es\/index.php\/diagnostico-mpox-monkeypox\/","title":{"rendered":"\u00bfC\u00f3mo se diagnostica el mpox?"},"content":{"rendered":"\t\t<div data-elementor-type=\"wp-page\" data-elementor-id=\"13\" class=\"elementor elementor-13\">\n\t\t\t\t\t\t<section class=\"elementor-section elementor-top-section elementor-element elementor-element-b6c5094 elementor-section-boxed elementor-section-height-default elementor-section-height-default\" data-id=\"b6c5094\" data-element_type=\"section\">\n\t\t\t\t\t\t<div class=\"elementor-container elementor-column-gap-default\">\n\t\t\t\t\t<div class=\"elementor-column elementor-col-100 elementor-top-column elementor-element elementor-element-286beca\" data-id=\"286beca\" data-element_type=\"column\">\n\t\t\t<div class=\"elementor-widget-wrap elementor-element-populated\">\n\t\t\t\t\t\t<div class=\"elementor-element elementor-element-c274515 elementor-widget elementor-widget-text-editor\" data-id=\"c274515\" data-element_type=\"widget\" data-widget_type=\"text-editor.default\">\n\t\t\t\t<div class=\"elementor-widget-container\">\n\t\t\t<style>\/*! elementor - v3.23.0 - 05-08-2024 *\/\n.elementor-widget-text-editor.elementor-drop-cap-view-stacked .elementor-drop-cap{background-color:#69727d;color:#fff}.elementor-widget-text-editor.elementor-drop-cap-view-framed .elementor-drop-cap{color:#69727d;border:3px solid;background-color:transparent}.elementor-widget-text-editor:not(.elementor-drop-cap-view-default) .elementor-drop-cap{margin-top:8px}.elementor-widget-text-editor:not(.elementor-drop-cap-view-default) .elementor-drop-cap-letter{width:1em;height:1em}.elementor-widget-text-editor .elementor-drop-cap{float:left;text-align:center;line-height:1;font-size:50px}.elementor-widget-text-editor .elementor-drop-cap-letter{display:inline-block}<\/style>\t\t\t\t<p><strong>Sospecha cl\u00ednica<\/strong><\/p><p>Al realizar el diagn\u00f3stico cl\u00ednico se deber\u00e1n tener en cuenta los elementos que la diferencian de otras enfermedades exantem\u00e1ticas como la viruela, la varicela, el sarampi\u00f3n, las infecciones bacterianas de la piel, la sarna, la s\u00edfilis y las alergias medicamentosas. \u00a0La linfadenopat\u00eda (ganglios inflamados) que aparece en la fase prodr\u00f3mica de la enfermedad puede ser una manifestaci\u00f3n cl\u00ednica que ayude a diferenciar esta enfermedad de la viruela humana.<\/p><p><strong>Diagn\u00f3stico definitivo<\/strong><\/p><p><span style=\"font-family: var( --e-global-typography-text-font-family ), Sans-serif;\">El diagn\u00f3stico definitivo de viruela del mono solo puede establecerse mediante pruebas de laboratorio. Se realizar\u00e1 mediante microscop\u00eda electr\u00f3nica, cultivo o PCR. En la toma de muestras, es necesario que se incluyan muestras de las lesiones cut\u00e1neas, como el frotis de lesiones vesiculares, exudados o costras, almacenadas en un tubo seco y est\u00e9ril y conservado en fr\u00edo.<\/span><\/p><p><strong><span style=\"font-family: var( --e-global-typography-text-font-family ), Sans-serif;\">PCR<\/span><\/strong><\/p><p><span style=\"font-family: var( --e-global-typography-text-font-family ), Sans-serif;\">La PCR en tiempo real es un ensayo r\u00e1pido, econ\u00f3mico y sensible para detectar, distinguir y monitorear brotes de MPXV . Se han propuesto algunos ensayos de PCR en tiempo real recomendados por los CDC, que distinguen MPXV de otros ortopoxvirus, pero tambi\u00e9n entre Clado I y Clado II. <\/span><\/p><p>El an\u00e1lisis gen\u00f3mico del genoma del clado Ib recientemente detectado revel\u00f3 una deleci\u00f3n de la secuencia objetivo (dentro del gen C3L) que se utiliza actualmente para identificar virus del clado I . Esta deleci\u00f3n, dependiendo del ensayo utilizado, afectar\u00e1 la precisi\u00f3n de la diferenciaci\u00f3n de clados de MPXV en tiempo real, lo que llevar\u00e1 a una identificaci\u00f3n falsamente negativa de la nueva cepa del clado Ib. Esto puede tener implicaciones importantes para el monitoreo de la propagaci\u00f3n y el control del virus del clado Ib, especialmente en el contexto del MPXV del clado IIb actualmente circulante, que causa una forma m\u00e1s leve de la enfermedad.<\/p><p><span style=\"font-family: var( --e-global-typography-text-font-family ), Sans-serif;\">Se han informado ensayos alternativos de diferenciaci\u00f3n de MPXV Clado I\/II que apuntan a regiones alternativas al gen C3L. Sin embargo, no est\u00e1 claro si podr\u00edan diferenciar entre Clado I y Clado Ib. El ensayo de los CDC es el m\u00e1s com\u00fanmente aplicado y difundido. <\/span><\/p><p><strong>Cultivo <\/strong><\/p><p>Para el cultivo del virus se deben obtener muestras de exudado far\u00edngeo o nasofar\u00edngeo. Con respecto a las biopsias cut\u00e1neas, las muestras pueden ser de las lesiones ves\u00edculo-pustulosas o de lesiones vesiculares intactas.<\/p><p><strong>Pruebas serol\u00f3gicas<\/strong><\/p><p>Adem\u00e1s se pueden realizar pruebas serol\u00f3gicas para detecci\u00f3n de IgM dentro de los 5 d\u00edas siguientes a las manifestaciones cl\u00ednicas. La detecci\u00f3n de IgG ocurre en los 8 d\u00edas siguientes a la infecci\u00f3n.<\/p>\t\t\t\t\t\t<\/div>\n\t\t\t\t<\/div>\n\t\t\t\t\t<\/div>\n\t\t<\/div>\n\t\t\t\t\t<\/div>\n\t\t<\/section>\n\t\t\t\t<section class=\"elementor-section elementor-top-section elementor-element elementor-element-7843345 elementor-section-boxed elementor-section-height-default elementor-section-height-default\" data-id=\"7843345\" data-element_type=\"section\">\n\t\t\t\t\t\t<div class=\"elementor-container elementor-column-gap-default\">\n\t\t\t\t\t<div class=\"elementor-column elementor-col-50 elementor-top-column elementor-element elementor-element-626f8bb\" data-id=\"626f8bb\" data-element_type=\"column\">\n\t\t\t<div class=\"elementor-widget-wrap elementor-element-populated\">\n\t\t\t\t\t\t<div class=\"elementor-element elementor-element-ec27a6d elementor-widget elementor-widget-text-editor\" data-id=\"ec27a6d\" data-element_type=\"widget\" data-widget_type=\"text-editor.default\">\n\t\t\t\t<div class=\"elementor-widget-container\">\n\t\t\t\t\t\t\t<p>Las muestras de eleccio\u0301n sera\u0301n las lesiones de\u0301rmicas: li\u0301quido vesicular, frotis del fondo de la lesio\u0301n vesicular, exudados o costras. El procesamiento de otras muestras se realizara\u0301 tras valoracio\u0301n individualizada de los casos por los responsables del diagno\u0301stico en los laboratorios de red y\/o Salud Pu\u0301blica.<\/p><div class=\"page\" title=\"Page 3\"><div class=\"layoutArea\"><div class=\"column\"><p>Las muestras deben incluirse en medio de transporte de virus con inactivacio\u0301n, conservadas a 4oC.<\/p><\/div><\/div><\/div>\t\t\t\t\t\t<\/div>\n\t\t\t\t<\/div>\n\t\t\t\t\t<\/div>\n\t\t<\/div>\n\t\t\t\t<div class=\"elementor-column elementor-col-50 elementor-top-column elementor-element elementor-element-c1bee00\" data-id=\"c1bee00\" data-element_type=\"column\">\n\t\t\t<div class=\"elementor-widget-wrap elementor-element-populated\">\n\t\t\t\t\t\t<div class=\"elementor-element elementor-element-bc2b4ae elementor-widget elementor-widget-image\" data-id=\"bc2b4ae\" data-element_type=\"widget\" data-widget_type=\"image.default\">\n\t\t\t\t<div class=\"elementor-widget-container\">\n\t\t\t<style>\/*! elementor - v3.23.0 - 05-08-2024 *\/\n.elementor-widget-image{text-align:center}.elementor-widget-image a{display:inline-block}.elementor-widget-image a img[src$=\".svg\"]{width:48px}.elementor-widget-image img{vertical-align:middle;display:inline-block}<\/style>\t\t\t\t\t\t\t\t\t\t<img fetchpriority=\"high\" decoding=\"async\" width=\"226\" height=\"300\" src=\"https:\/\/viruelamono.es\/wp-content\/uploads\/2022\/06\/PXL_20220523_110324675-226x300.jpg\" class=\"attachment-medium size-medium wp-image-204\" alt=\"Material para realizar una toma de muestra de pustula\" srcset=\"https:\/\/viruelamono.es\/wp-content\/uploads\/2022\/06\/PXL_20220523_110324675-226x300.jpg 226w, https:\/\/viruelamono.es\/wp-content\/uploads\/2022\/06\/PXL_20220523_110324675-771x1024.jpg 771w, https:\/\/viruelamono.es\/wp-content\/uploads\/2022\/06\/PXL_20220523_110324675-768x1020.jpg 768w, https:\/\/viruelamono.es\/wp-content\/uploads\/2022\/06\/PXL_20220523_110324675-1157x1536.jpg 1157w, https:\/\/viruelamono.es\/wp-content\/uploads\/2022\/06\/PXL_20220523_110324675-1542x2048.jpg 1542w, https:\/\/viruelamono.es\/wp-content\/uploads\/2022\/06\/PXL_20220523_110324675-203x270.jpg 203w, https:\/\/viruelamono.es\/wp-content\/uploads\/2022\/06\/PXL_20220523_110324675-scaled.jpg 1928w\" sizes=\"(max-width: 226px) 100vw, 226px\" \/>\t\t\t\t\t\t\t\t\t\t\t\t\t<\/div>\n\t\t\t\t<\/div>\n\t\t\t\t\t<\/div>\n\t\t<\/div>\n\t\t\t\t\t<\/div>\n\t\t<\/section>\n\t\t\t\t<section class=\"elementor-section elementor-top-section elementor-element elementor-element-aa79c35 elementor-section-boxed elementor-section-height-default elementor-section-height-default\" data-id=\"aa79c35\" data-element_type=\"section\">\n\t\t\t\t\t\t<div class=\"elementor-container elementor-column-gap-default\">\n\t\t\t\t\t<div class=\"elementor-column elementor-col-100 elementor-top-column elementor-element elementor-element-33c4bda\" data-id=\"33c4bda\" data-element_type=\"column\">\n\t\t\t<div class=\"elementor-widget-wrap elementor-element-populated\">\n\t\t\t\t\t\t<div class=\"elementor-element elementor-element-8fe71cd elementor-widget elementor-widget-text-editor\" data-id=\"8fe71cd\" data-element_type=\"widget\" data-widget_type=\"text-editor.default\">\n\t\t\t\t<div class=\"elementor-widget-container\">\n\t\t\t\t\t\t\t<div class=\"page\" title=\"Page 2\"><div class=\"layoutArea\"><div class=\"column\"><p>El objetivo es la confirmacio\u0301n microbiolo\u0301gica de los casos con sospecha cli\u0301nica de viruela del mono detectados por la Red de Vigilancia Epidemiolo\u0301gica. La confirmacio\u0301n se realizara\u0301 mediante RT-PCR especi\u0301fica. En alguno de los casos identificados se realizara\u0301 si procede, segu\u0301n las caracteri\u0301sticas que se determinen, secuenciacio\u0301n geno\u0301mica.<\/p><p>En la Comunidad de Madrid (CM) la confirmaci\u00f3n microbiolog\u00eda se hace a trave\u0301s de los laboratorios de microbiologi\u0301a, pu\u0301blicos y privados.<\/p><p>Se establece una Red de laboratorios de referencia en la Comunidad de Madrid con capacidad para diagno\u0301sticar monkeypox mediante te\u0301cnicas de RT-PCR y secuenciacio\u0301n en casos determinados, que coordinados por la Direccio\u0301n General de Salud Pu\u0301blica, permitira\u0301 desarrollar y operativizar el objetivo planteado.<\/p><\/div><div class=\"page\" title=\"Page 3\"><div class=\"layoutArea\"><div class=\"column\"><p>Esta Red esta\u0301 formada por los servicios de Microbiologi\u0301a de los Hospitales 12 de Octubre, Ramo\u0301n y Cajal, La Paz y Gregorio Maran\u0303o\u0301n y contara\u0301 con el apoyo del Laboratorio Regional de Salud Pu\u0301blica.\u00a0Los laboratorios que realicen el diagno\u0301stico comunicara\u0301n todos los resultados de este ana\u0301lisis a salud pu\u0301blica, adema\u0301s de su integracio\u0301n en la historia cli\u0301nica electro\u0301nica del paciente.<\/p><p>\u00a0<\/p><\/div><div class=\"column\"><p>\u00a0<\/p><\/div><\/div><\/div><\/div><\/div>\t\t\t\t\t\t<\/div>\n\t\t\t\t<\/div>\n\t\t\t\t\t<\/div>\n\t\t<\/div>\n\t\t\t\t\t<\/div>\n\t\t<\/section>\n\t\t\t\t<\/div>\n\t\t","protected":false},"excerpt":{"rendered":"<p>Sospecha cl\u00ednica Al realizar el diagn\u00f3stico cl\u00ednico se deber\u00e1n tener en cuenta los elementos que la diferencian de otras enfermedades exantem\u00e1ticas como la viruela, la varicela, el sarampi\u00f3n, las infecciones bacterianas de la piel, la sarna, la s\u00edfilis y las <a href=\"https:\/\/viruelamono.es\/index.php\/diagnostico-mpox-monkeypox\/\" class=\"read-more\">Leer m\u00e1s&#8230;<\/a><\/p>\n","protected":false},"author":1,"featured_media":0,"parent":0,"menu_order":0,"comment_status":"closed","ping_status":"closed","template":"","meta":{"footnotes":""},"class_list":["post-13","page","type-page","status-publish","hentry"],"_links":{"self":[{"href":"https:\/\/viruelamono.es\/index.php\/wp-json\/wp\/v2\/pages\/13","targetHints":{"allow":["GET"]}}],"collection":[{"href":"https:\/\/viruelamono.es\/index.php\/wp-json\/wp\/v2\/pages"}],"about":[{"href":"https:\/\/viruelamono.es\/index.php\/wp-json\/wp\/v2\/types\/page"}],"author":[{"embeddable":true,"href":"https:\/\/viruelamono.es\/index.php\/wp-json\/wp\/v2\/users\/1"}],"replies":[{"embeddable":true,"href":"https:\/\/viruelamono.es\/index.php\/wp-json\/wp\/v2\/comments?post=13"}],"version-history":[{"count":29,"href":"https:\/\/viruelamono.es\/index.php\/wp-json\/wp\/v2\/pages\/13\/revisions"}],"predecessor-version":[{"id":327,"href":"https:\/\/viruelamono.es\/index.php\/wp-json\/wp\/v2\/pages\/13\/revisions\/327"}],"wp:attachment":[{"href":"https:\/\/viruelamono.es\/index.php\/wp-json\/wp\/v2\/media?parent=13"}],"curies":[{"name":"wp","href":"https:\/\/api.w.org\/{rel}","templated":true}]}}