{"id":15,"date":"2022-06-26T18:40:04","date_gmt":"2022-06-26T18:40:04","guid":{"rendered":"https:\/\/viruelamono.es\/?page_id=15"},"modified":"2024-08-22T12:03:40","modified_gmt":"2024-08-22T12:03:40","slug":"tratamiento-para-la-viruela-del-mono-o-monkeypox","status":"publish","type":"page","link":"https:\/\/viruelamono.es\/index.php\/tratamiento-para-la-viruela-del-mono-o-monkeypox\/","title":{"rendered":"Tratamiento para el mpox o monkeypox"},"content":{"rendered":"\t\t<div data-elementor-type=\"wp-page\" data-elementor-id=\"15\" class=\"elementor elementor-15\">\n\t\t\t\t\t\t<section class=\"elementor-section elementor-top-section elementor-element elementor-element-38ee6d2 elementor-section-boxed elementor-section-height-default elementor-section-height-default\" data-id=\"38ee6d2\" data-element_type=\"section\">\n\t\t\t\t\t\t<div class=\"elementor-container elementor-column-gap-default\">\n\t\t\t\t\t<div class=\"elementor-column elementor-col-100 elementor-top-column elementor-element elementor-element-522f863\" data-id=\"522f863\" data-element_type=\"column\">\n\t\t\t<div class=\"elementor-widget-wrap elementor-element-populated\">\n\t\t\t\t\t\t<div class=\"elementor-element elementor-element-0e64372 elementor-widget elementor-widget-text-editor\" data-id=\"0e64372\" data-element_type=\"widget\" data-widget_type=\"text-editor.default\">\n\t\t\t\t<div class=\"elementor-widget-container\">\n\t\t\t<style>\/*! elementor - v3.23.0 - 05-08-2024 *\/\n.elementor-widget-text-editor.elementor-drop-cap-view-stacked .elementor-drop-cap{background-color:#69727d;color:#fff}.elementor-widget-text-editor.elementor-drop-cap-view-framed .elementor-drop-cap{color:#69727d;border:3px solid;background-color:transparent}.elementor-widget-text-editor:not(.elementor-drop-cap-view-default) .elementor-drop-cap{margin-top:8px}.elementor-widget-text-editor:not(.elementor-drop-cap-view-default) .elementor-drop-cap-letter{width:1em;height:1em}.elementor-widget-text-editor .elementor-drop-cap{float:left;text-align:center;line-height:1;font-size:50px}.elementor-widget-text-editor .elementor-drop-cap-letter{display:inline-block}<\/style>\t\t\t\t<p>La viruela del mono suele ser leve y la mayor\u00eda de las personas se recuperan en pocas semanas sin tratamiento.<\/p><p>Pero como la infecci\u00f3n puede propagarse por contacto cercano, es importante aislarse si se le diagnostica.<\/p><p>Es posible que le pidan que se a\u00edsle en casa si sus s\u00edntomas son leves.<\/p><p>Si los s\u00edntomas son graves o tiene mayor riesgo de enfermar gravemente (por ejemplo, si tiene el sistema inmunitario debilitado), es posible que deba permanecer en un hospital especializado hasta que se recupere.<\/p><p>Es posible que se le ofrezca una vacuna para reducir el riesgo de enfermar gravemente.<\/p>\t\t\t\t\t\t<\/div>\n\t\t\t\t<\/div>\n\t\t\t\t\t<\/div>\n\t\t<\/div>\n\t\t\t\t\t<\/div>\n\t\t<\/section>\n\t\t\t\t<section class=\"elementor-section elementor-top-section elementor-element elementor-element-7d5ebad elementor-section-boxed elementor-section-height-default elementor-section-height-default\" data-id=\"7d5ebad\" data-element_type=\"section\">\n\t\t\t\t\t\t<div class=\"elementor-container elementor-column-gap-default\">\n\t\t\t\t\t<div class=\"elementor-column elementor-col-100 elementor-top-column elementor-element elementor-element-2378613\" data-id=\"2378613\" data-element_type=\"column\">\n\t\t\t<div class=\"elementor-widget-wrap elementor-element-populated\">\n\t\t\t\t\t\t<div class=\"elementor-element elementor-element-4301be3 elementor-widget elementor-widget-text-editor\" data-id=\"4301be3\" data-element_type=\"widget\" data-widget_type=\"text-editor.default\">\n\t\t\t\t<div class=\"elementor-widget-container\">\n\t\t\t\t\t\t\t<p><b>TRATAMIENTO<\/b><\/p>\n<p>Se recomienda el tratamiento antiviral en las personas con afectaci\u00f3n severa o que presenten riesgo de padecerla (inmunodeprimidos, embarazadas, ni\u00f1os&lt;8 a\u00f1os, personas con dermatitis at\u00f3picas) y aquellos con complicaciones. <br><\/p>\n<p>TECOVIRIMAT (TPOX)&nbsp; a dosis de 600mg cada 12 horas durante 14 dias es el tratmiento antiviral de elecci\u00f3n. Puede aparecer resistencia frente al antiviral en el contexto de una exposicion prolongada. <br><\/p>\n<p>CIDOFOVIR a dosis de 5mg\/kg intravenoso<\/p>\n<p>BRINCIDOFOVIR a dosis de 200mg semanales. <br><\/p>\t\t\t\t\t\t<\/div>\n\t\t\t\t<\/div>\n\t\t\t\t\t<\/div>\n\t\t<\/div>\n\t\t\t\t\t<\/div>\n\t\t<\/section>\n\t\t\t\t<\/div>\n\t\t","protected":false},"excerpt":{"rendered":"<p>La viruela del mono suele ser leve y la mayor\u00eda de las personas se recuperan en pocas semanas sin tratamiento. Pero como la infecci\u00f3n puede propagarse por contacto cercano, es importante aislarse si se le diagnostica. Es posible que le <a href=\"https:\/\/viruelamono.es\/index.php\/tratamiento-para-la-viruela-del-mono-o-monkeypox\/\" class=\"read-more\">Leer m\u00e1s&#8230;<\/a><\/p>\n","protected":false},"author":1,"featured_media":0,"parent":0,"menu_order":0,"comment_status":"closed","ping_status":"closed","template":"","meta":{"footnotes":""},"class_list":["post-15","page","type-page","status-publish","hentry"],"_links":{"self":[{"href":"https:\/\/viruelamono.es\/index.php\/wp-json\/wp\/v2\/pages\/15","targetHints":{"allow":["GET"]}}],"collection":[{"href":"https:\/\/viruelamono.es\/index.php\/wp-json\/wp\/v2\/pages"}],"about":[{"href":"https:\/\/viruelamono.es\/index.php\/wp-json\/wp\/v2\/types\/page"}],"author":[{"embeddable":true,"href":"https:\/\/viruelamono.es\/index.php\/wp-json\/wp\/v2\/users\/1"}],"replies":[{"embeddable":true,"href":"https:\/\/viruelamono.es\/index.php\/wp-json\/wp\/v2\/comments?post=15"}],"version-history":[{"count":11,"href":"https:\/\/viruelamono.es\/index.php\/wp-json\/wp\/v2\/pages\/15\/revisions"}],"predecessor-version":[{"id":312,"href":"https:\/\/viruelamono.es\/index.php\/wp-json\/wp\/v2\/pages\/15\/revisions\/312"}],"wp:attachment":[{"href":"https:\/\/viruelamono.es\/index.php\/wp-json\/wp\/v2\/media?parent=15"}],"curies":[{"name":"wp","href":"https:\/\/api.w.org\/{rel}","templated":true}]}}