{"id":175,"date":"2022-06-26T22:02:41","date_gmt":"2022-06-26T22:02:41","guid":{"rendered":"https:\/\/viruelamono.es\/?page_id=175"},"modified":"2022-06-26T22:12:05","modified_gmt":"2022-06-26T22:12:05","slug":"efectos-secundarios","status":"publish","type":"page","link":"https:\/\/viruelamono.es\/index.php\/efectos-secundarios\/","title":{"rendered":"Efectos secundarios"},"content":{"rendered":"\t\t<div data-elementor-type=\"wp-page\" data-elementor-id=\"175\" class=\"elementor elementor-175\">\n\t\t\t\t\t\t<section class=\"elementor-section elementor-top-section elementor-element elementor-element-b491340 elementor-section-boxed elementor-section-height-default elementor-section-height-default\" data-id=\"b491340\" data-element_type=\"section\">\n\t\t\t\t\t\t<div class=\"elementor-container elementor-column-gap-default\">\n\t\t\t\t\t<div class=\"elementor-column elementor-col-100 elementor-top-column elementor-element elementor-element-f8168df\" data-id=\"f8168df\" data-element_type=\"column\">\n\t\t\t<div class=\"elementor-widget-wrap elementor-element-populated\">\n\t\t\t\t\t\t<div class=\"elementor-element elementor-element-546bf30 elementor-widget elementor-widget-text-editor\" data-id=\"546bf30\" data-element_type=\"widget\" data-widget_type=\"text-editor.default\">\n\t\t\t\t<div class=\"elementor-widget-container\">\n\t\t\t<style>\/*! elementor - v3.23.0 - 05-08-2024 *\/\n.elementor-widget-text-editor.elementor-drop-cap-view-stacked .elementor-drop-cap{background-color:#69727d;color:#fff}.elementor-widget-text-editor.elementor-drop-cap-view-framed .elementor-drop-cap{color:#69727d;border:3px solid;background-color:transparent}.elementor-widget-text-editor:not(.elementor-drop-cap-view-default) .elementor-drop-cap{margin-top:8px}.elementor-widget-text-editor:not(.elementor-drop-cap-view-default) .elementor-drop-cap-letter{width:1em;height:1em}.elementor-widget-text-editor .elementor-drop-cap{float:left;text-align:center;line-height:1;font-size:50px}.elementor-widget-text-editor .elementor-drop-cap-letter{display:inline-block}<\/style>\t\t\t\t<p><strong>Efectos secundarios de la vacuna MVA<\/strong><br \/>La vacuna tiene un perfil de seguridad muy bueno. Como todas las vacunas, puede provocar efectos secundarios, pero la mayor\u00eda de ellos son leves y de corta duraci\u00f3n y no todo el mundo los padece.<\/p><p>Los efectos secundarios pueden ser m\u00e1s frecuentes en personas que han recibido previamente una dosis de vacuna viva contra la viruela. Estas personas s\u00f3lo necesitan una \u00fanica dosis de MVA para reforzar su protecci\u00f3n actual.<\/p><p><strong>Efectos secundarios comunes<\/strong><br \/>Al igual que todos los medicamentos, esta vacuna puede tener efectos secundarios. Los efectos secundarios m\u00e1s comunes son:<\/p><ul><li>Dolor y el picor en el lugar de la inyecci\u00f3n<\/li><li>Dolor de cabeza<\/li><li>Dolor muscular<\/li><li>N\u00e1useas<\/li><li>Cansancio<\/li><\/ul><p>Aproximadamente 1 de cada 10 personas tendr\u00e1 escalofr\u00edos y fiebre, pero \u00e9stos no deber\u00edan durar m\u00e1s de unos d\u00edas.\u00a0Si experimenta alguno de los efectos secundarios mencionados, debe descansar y puede tomar la dosis correcta de paracetamol para ayudar a aliviar los s\u00edntomas.<\/p><p>Si tiene dermatitis at\u00f3pica (una forma de eczema), puede experimentar reacciones cut\u00e1neas locales m\u00e1s intensas (como enrojecimiento, hinchaz\u00f3n y picor) y otros s\u00edntomas generales (como dolor de cabeza, dolor muscular, sensaci\u00f3n de malestar o cansancio), as\u00ed como un brote o un empeoramiento de su condici\u00f3n cut\u00e1nea.<\/p><p><strong>Efectos secundarios graves<\/strong><br \/>Algunas otras afecciones se han notificado m\u00e1s raramente en personas que recibieron la vacuna.\u00a0<\/p><p>Si tiene los siguientes s\u00edntomas poco despu\u00e9s de la vacunaci\u00f3n, llame al 112 (o pida a alguien que lo haga por usted) o acuda a urgencias:<\/p><ul><li>Dificultad respiratoria, sibilancias (pitidos con la respiraci\u00f3n) o\u00a0lengua hinchada<\/li><li>Desmayo prolongado o p\u00e9rdida de conocimiento<\/li><li>Confusi\u00f3n<\/li><\/ul><p>Estos s\u00edntomas pueden ser un signo de una reacci\u00f3n al\u00e9rgica rara pero grave y suelen producirse en los 15 minutos siguientes a la vacunaci\u00f3n. Los desmayos simples son mucho m\u00e1s comunes despu\u00e9s de la vacunaci\u00f3n. Si se desmaya, permanezca tumbado sobre la espalda con las piernas levantadas. Si no se siente mejor, pida ayuda.<\/p><p>En caso de otros s\u00edntomas, p\u00f3ngase en contacto con \u00a0su m\u00e9dico o enfermera.<\/p>\t\t\t\t\t\t<\/div>\n\t\t\t\t<\/div>\n\t\t\t\t\t<\/div>\n\t\t<\/div>\n\t\t\t\t\t<\/div>\n\t\t<\/section>\n\t\t\t\t<\/div>\n\t\t","protected":false},"excerpt":{"rendered":"<p>Efectos secundarios de la vacuna MVALa vacuna tiene un perfil de seguridad muy bueno. Como todas las vacunas, puede provocar efectos secundarios, pero la mayor\u00eda de ellos son leves y de corta duraci\u00f3n y no todo el mundo los padece. <a href=\"https:\/\/viruelamono.es\/index.php\/efectos-secundarios\/\" class=\"read-more\">Leer m\u00e1s&#8230;<\/a><\/p>\n","protected":false},"author":1,"featured_media":0,"parent":0,"menu_order":0,"comment_status":"closed","ping_status":"closed","template":"","meta":{"footnotes":""},"class_list":["post-175","page","type-page","status-publish","hentry"],"_links":{"self":[{"href":"https:\/\/viruelamono.es\/index.php\/wp-json\/wp\/v2\/pages\/175","targetHints":{"allow":["GET"]}}],"collection":[{"href":"https:\/\/viruelamono.es\/index.php\/wp-json\/wp\/v2\/pages"}],"about":[{"href":"https:\/\/viruelamono.es\/index.php\/wp-json\/wp\/v2\/types\/page"}],"author":[{"embeddable":true,"href":"https:\/\/viruelamono.es\/index.php\/wp-json\/wp\/v2\/users\/1"}],"replies":[{"embeddable":true,"href":"https:\/\/viruelamono.es\/index.php\/wp-json\/wp\/v2\/comments?post=175"}],"version-history":[{"count":7,"href":"https:\/\/viruelamono.es\/index.php\/wp-json\/wp\/v2\/pages\/175\/revisions"}],"predecessor-version":[{"id":184,"href":"https:\/\/viruelamono.es\/index.php\/wp-json\/wp\/v2\/pages\/175\/revisions\/184"}],"wp:attachment":[{"href":"https:\/\/viruelamono.es\/index.php\/wp-json\/wp\/v2\/media?parent=175"}],"curies":[{"name":"wp","href":"https:\/\/api.w.org\/{rel}","templated":true}]}}