{"id":265,"date":"2024-08-16T21:16:32","date_gmt":"2024-08-16T21:16:32","guid":{"rendered":"https:\/\/viruelamono.es\/?page_id=265"},"modified":"2024-08-16T21:16:32","modified_gmt":"2024-08-16T21:16:32","slug":"tecovirimat-tpoxx","status":"publish","type":"page","link":"https:\/\/viruelamono.es\/index.php\/tecovirimat-tpoxx\/","title":{"rendered":"Tecovirimat (Tpoxx)"},"content":{"rendered":"\n<p>Tecovirimat, tambi\u00e9n conocido como TPOXX, es un inhibidor potente de una prote\u00edna del orthopoxvirus, necesaria para la formaci\u00f3n de part\u00edculas virales infecciosas esenciales para la diseminaci\u00f3n dentro del hu\u00e9sped infectado. Fue aprobado para el tratamiento de la viruela en julio de 2018. Sin embargo,  tecovirimat sigue siendo un agente en investigaci\u00f3n para el tratamiento de la mpox.<\/p>\n\n\n\n<p>En la Uni\u00f3n Europea, tecovirimat est\u00e1 aprobado para tratar la mpox. Tecovirimat est\u00e1 disponible en preparaciones orales e intravenosas. La dosis recomendada depende del peso del paciente; por ejemplo, para aquellos de \u226540 kg a &lt;120 kg, la dosis es de 600 mg cada 12 horas. El tratamiento t\u00edpico dura 14 d\u00edas, aunque pacientes inmunocomprometidos pueden requerir un curso m\u00e1s largo. La formulaci\u00f3n oral debe administrarse despu\u00e9s de una comida con grasa para optimizar la absorci\u00f3n y biodisponibilidad. La formulaci\u00f3n IV es para pacientes que no pueden consumir una comida con grasa y se debe usar con precauci\u00f3n en aquellos con enfermedad renal.<\/p>\n\n\n\n<p>La eficacia potencial de tecovirimat para tratar infecciones por orthopoxvirus ha sido demostrada en modelos animales y ha mostrado un buen perfil de seguridad en humanos tratados por mpox, incluidos los inmunocomprometidos. Los datos cl\u00ednicos indican que tecovirimat es generalmente bien tolerado, con efectos secundarios como cefalea, n\u00e1useas y dolor abdominal siendo los m\u00e1s comunes.<\/p>\n\n\n\n<p><\/p>\n","protected":false},"excerpt":{"rendered":"<p>Tecovirimat, tambi\u00e9n conocido como TPOXX, es un inhibidor potente de una prote\u00edna del orthopoxvirus, necesaria para la formaci\u00f3n de part\u00edculas virales infecciosas esenciales para la diseminaci\u00f3n dentro del hu\u00e9sped infectado. Fue aprobado para el tratamiento de la viruela en julio <a href=\"https:\/\/viruelamono.es\/index.php\/tecovirimat-tpoxx\/\" class=\"read-more\">Leer m\u00e1s&#8230;<\/a><\/p>\n","protected":false},"author":1,"featured_media":0,"parent":0,"menu_order":0,"comment_status":"closed","ping_status":"closed","template":"","meta":{"footnotes":""},"class_list":["post-265","page","type-page","status-publish","hentry"],"_links":{"self":[{"href":"https:\/\/viruelamono.es\/index.php\/wp-json\/wp\/v2\/pages\/265","targetHints":{"allow":["GET"]}}],"collection":[{"href":"https:\/\/viruelamono.es\/index.php\/wp-json\/wp\/v2\/pages"}],"about":[{"href":"https:\/\/viruelamono.es\/index.php\/wp-json\/wp\/v2\/types\/page"}],"author":[{"embeddable":true,"href":"https:\/\/viruelamono.es\/index.php\/wp-json\/wp\/v2\/users\/1"}],"replies":[{"embeddable":true,"href":"https:\/\/viruelamono.es\/index.php\/wp-json\/wp\/v2\/comments?post=265"}],"version-history":[{"count":1,"href":"https:\/\/viruelamono.es\/index.php\/wp-json\/wp\/v2\/pages\/265\/revisions"}],"predecessor-version":[{"id":267,"href":"https:\/\/viruelamono.es\/index.php\/wp-json\/wp\/v2\/pages\/265\/revisions\/267"}],"wp:attachment":[{"href":"https:\/\/viruelamono.es\/index.php\/wp-json\/wp\/v2\/media?parent=265"}],"curies":[{"name":"wp","href":"https:\/\/api.w.org\/{rel}","templated":true}]}}