{"id":278,"date":"2024-08-22T11:35:31","date_gmt":"2024-08-22T11:35:31","guid":{"rendered":"https:\/\/viruelamono.es\/?page_id=278"},"modified":"2024-08-23T06:02:56","modified_gmt":"2024-08-23T06:02:56","slug":"mpox-epidemiologia","status":"publish","type":"page","link":"https:\/\/viruelamono.es\/index.php\/mpox-epidemiologia\/","title":{"rendered":"Epidemiolog\u00eda mpox"},"content":{"rendered":"\n<p><strong>EPIDEMIOLOG\u00cdA<\/strong><\/p>\n\n\n\n<p>El virus de la viruela del mono fue aislado por primera vez en Dinamarca a finales de los a\u00f1os 50 a partir de una colonia de monos de laboratorio procedentes de Singapur que iban a ser utilizados para la investigaci\u00f3n del virus de la polio. Durante la d\u00e9cada siguiente, se observaron brotes adicionales de mpox en animales de laboratorio en los Estados Unidos, as\u00ed como en animales de zool\u00f3gico en R\u00f3terdam. El virus de la viruela del mono fue identificado por primera vez como causante de enfermedad en humanos en la d\u00e9cada de 1970 en lo que ahora es la Rep\u00fablica Democr\u00e1tica del Congo (RDC).<\/p>\n\n\n\n<p><strong>Distribuci\u00f3n geogr\u00e1fica<\/strong> \u2014 Desde la discontinuaci\u00f3n de la inmunizaci\u00f3n contra la viruela, que tambi\u00e9n protege contra el mpox, los casos de mpox generalmente han ocurrido en \u00c1frica Central y Occidental. Se han reportado casos espor\u00e1dicos en varios pa\u00edses anteriormente no end\u00e9micos, principalmente relacionados con viajes desde \u00c1frica. Sin embargo, en mayo de 2022 se reconoci\u00f3 un brote global multicontinental; este brote estaba asociado con la transmisi\u00f3n de persona a persona e involucr\u00f3 a miles de individuos en docenas de pa\u00edses.<\/p>\n\n\n\n<p><strong>\u00c1frica Central y Occidental<\/strong> \u2014 El virus de la viruela del mono fue identificado por primera vez como causante de enfermedad en humanos en la d\u00e9cada de 1970 en la RDC (anteriormente la Rep\u00fablica de Zaire). Tras su reconocimiento como pat\u00f3geno humano, se reportaron 59 casos de mpox humana entre 1970 y 1980 en \u00c1frica Occidental y Central, con una tasa de mortalidad del 17% en ni\u00f1os menores de 10 a\u00f1os. Todos estos casos ocurrieron en los bosques lluviosos de \u00c1frica Occidental y Central entre individuos expuestos a peque\u00f1os animales forestales (por ejemplo, roedores, ardillas y monos).<\/p>\n\n\n\n<p>Despu\u00e9s de la erradicaci\u00f3n de la viruela natural en 1977 y la discontinuaci\u00f3n de la inmunizaci\u00f3n rutinaria contra la viruela (es decir, vacuna del virus vaccinia) en 1980, la Organizaci\u00f3n Mundial de la Salud (OMS) monitore\u00f3 los casos humanos subsiguientes de mpox . La OMS estaba preocupada de que la discontinuaci\u00f3n de la vacuna del virus vaccinia, que tambi\u00e9n protege contra el mpox, pudiera conducir a una mayor susceptibilidad de la poblaci\u00f3n y la posibilidad de un aumento de la incidencia de mpox.<\/p>\n\n\n\n<p>Un estudio de vigilancia basado en la poblaci\u00f3n de 2005 a 2007 inform\u00f3 un aumento de 20 veces en la incidencia de mpox en comparaci\u00f3n con la vista en la d\u00e9cada de 1980 en la RDC. De 2005 a 2007, se identificaron 760 casos humanos confirmados de mpox. Este estudio respald\u00f3 las preocupaciones de un aumento de casos humanos de mpox debido a la falta de vacunaci\u00f3n previa contra la viruela, ya que las personas con antecedentes de inmunizaci\u00f3n contra la viruela ten\u00edan un riesgo cinco veces menor de mpox en comparaci\u00f3n con las personas no vacunadas. Otros factores asociados con un mayor riesgo de infecci\u00f3n inclu\u00edan vivir en \u00e1reas boscosas, sexo masculino y edad &lt;15 a\u00f1os.<\/p>\n\n\n\n<p>Desde 2017, ha habido un aumento de casos de mpox en Nigeria; esto ocurri\u00f3 despu\u00e9s de casi 40 a\u00f1os sin casos reportados. Algunos casos de este brote en Nigeria han ocurrido en viajeros que regresan a pa\u00edses no end\u00e9micos.<\/p>\n\n\n<div class=\"wp-block-image\">\n<figure class=\"aligncenter size-full is-resized\"><img fetchpriority=\"high\" decoding=\"async\" width=\"1017\" height=\"657\" src=\"https:\/\/viruelamono.es\/wp-content\/uploads\/2024\/08\/imagen-9.png\" alt=\"\" class=\"wp-image-360\" style=\"width:423px;height:auto\" srcset=\"https:\/\/viruelamono.es\/wp-content\/uploads\/2024\/08\/imagen-9.png 1017w, https:\/\/viruelamono.es\/wp-content\/uploads\/2024\/08\/imagen-9-300x194.png 300w, https:\/\/viruelamono.es\/wp-content\/uploads\/2024\/08\/imagen-9-768x496.png 768w, https:\/\/viruelamono.es\/wp-content\/uploads\/2024\/08\/imagen-9-360x233.png 360w\" sizes=\"(max-width: 1017px) 100vw, 1017px\" \/><\/figure>\n<\/div>\n\n\n<p>En 2022, la OMS inform\u00f3 que el mpox era end\u00e9mico en varios pa\u00edses africanos, incluyendo Ben\u00edn, Camer\u00fan, Rep\u00fablica Centroafricana, RDC, Gab\u00f3n, Ghana (identificado solo en animales), Costa de Marfil, Liberia, Nigeria, Rep\u00fablica del Congo, Sierra Leona y Sud\u00e1n del Sur. De enero a mayo de 2022, la mayor\u00eda de los casos sospechosos de mpox ocurrieron en la RDC, con 1284 casos y 58 muertes reportadas.<\/p>\n\n\n\n<p>Desde el 1 de enero de 2023, la RDC ha reportado m\u00e1s de <strong>27,000 casos sospechosos de mpox<\/strong> y m\u00e1s de <strong>1,000 muertes con mpox del Clado I.<\/strong> <strong>Los ni\u00f1os menores de 15 a\u00f1os han representado el 70% de los casos y m\u00e1s del 80 % de las muertes<\/strong>. El 14 de agosto de 2024, la OMS declar\u00f3 este brote como una emergencia de salud p\u00fablica mundial. <\/p>\n\n\n\n<figure class=\"wp-block-image size-large\"><img decoding=\"async\" width=\"1024\" height=\"461\" src=\"https:\/\/viruelamono.es\/wp-content\/uploads\/2024\/08\/imagen-1024x461.png\" alt=\"\" class=\"wp-image-279\" srcset=\"https:\/\/viruelamono.es\/wp-content\/uploads\/2024\/08\/imagen-1024x461.png 1024w, https:\/\/viruelamono.es\/wp-content\/uploads\/2024\/08\/imagen-300x135.png 300w, https:\/\/viruelamono.es\/wp-content\/uploads\/2024\/08\/imagen-768x346.png 768w, https:\/\/viruelamono.es\/wp-content\/uploads\/2024\/08\/imagen-360x162.png 360w, https:\/\/viruelamono.es\/wp-content\/uploads\/2024\/08\/imagen.png 1163w\" sizes=\"(max-width: 1024px) 100vw, 1024px\" \/><\/figure>\n\n\n\n<figure class=\"wp-block-image size-large\"><img decoding=\"async\" width=\"1024\" height=\"453\" src=\"https:\/\/viruelamono.es\/wp-content\/uploads\/2024\/08\/imagen-1-1024x453.png\" alt=\"\" class=\"wp-image-286\" srcset=\"https:\/\/viruelamono.es\/wp-content\/uploads\/2024\/08\/imagen-1-1024x453.png 1024w, https:\/\/viruelamono.es\/wp-content\/uploads\/2024\/08\/imagen-1-300x133.png 300w, https:\/\/viruelamono.es\/wp-content\/uploads\/2024\/08\/imagen-1-768x340.png 768w, https:\/\/viruelamono.es\/wp-content\/uploads\/2024\/08\/imagen-1-360x159.png 360w, https:\/\/viruelamono.es\/wp-content\/uploads\/2024\/08\/imagen-1.png 1046w\" sizes=\"(max-width: 1024px) 100vw, 1024px\" \/><\/figure>\n\n\n\n<p>Durante este brote, ha ocurrido transmisi\u00f3n de persona a persona a trav\u00e9s del <strong>contacto dom\u00e9stico y dentro del entorno de atenci\u00f3n m\u00e9dica.<\/strong> Tambi\u00e9n se ha informado de la transmisi\u00f3n a algunos pa\u00edses vecinos; esto incluye la Rep\u00fablica del Congo y la Rep\u00fablica Centroafricana. Aunque el mpox del clado I es end\u00e9mico en estos pa\u00edses, el patr\u00f3n epidemiol\u00f3gico sugiere un v\u00ednculo con la RDC. En julio de 2024, se informaron casos vinculados a la RDC en pa\u00edses anteriormente no end\u00e9micos de Burundi, Ruanda y Uganda.<\/p>\n\n\n\n<p>En la RDC, este brote ha ocurrido principalmente en \u00e1reas rurales; sin embargo, tambi\u00e9n se ha notado un segundo tipo de brote en las regiones m\u00e1s pobladas de la RDC. En un informe de 108 casos de mpox confirmados por PCR en una zona minera densamente poblada, la edad media de los pacientes era de 22 a\u00f1os, el 52% eran mujeres y el 29% eran trabajadoras sexuales, lo que sugiere un <strong>papel para la transmisi\u00f3n sexual.<\/strong> <strong>Este brote probablemente se deba a un linaje nuevo del clado I, clado Ib, vinculado a la transmisi\u00f3n sostenida de humano a humano.<\/strong><\/p>\n\n\n\n<p><strong>Brote global multicontinental<\/strong> \u2014 Un brote global multicontinental de mpox fue reconocido por primera vez en Europa en mayo de 2022. Los casos relacionados con este brote se informaron en pa\u00edses anteriormente no end\u00e9micos en todo el mundo, proporcionando evidencia de la propagaci\u00f3n comunitaria. El 23 de julio de 2022, la OMS declar\u00f3 este brote de mpox como una emergencia de salud p\u00fablica de preocupaci\u00f3n internacional. La emergencia de salud p\u00fablica fue declarada terminada el 11 de mayo de 2023, pero los casos de mpox han continuado ocurriendo desde que termin\u00f3 la emergencia .<\/p>\n\n\n\n<figure class=\"wp-block-image size-large\"><img loading=\"lazy\" decoding=\"async\" width=\"1024\" height=\"404\" src=\"https:\/\/viruelamono.es\/wp-content\/uploads\/2024\/08\/imagen-10-1024x404.png\" alt=\"\" class=\"wp-image-363\" srcset=\"https:\/\/viruelamono.es\/wp-content\/uploads\/2024\/08\/imagen-10-1024x404.png 1024w, https:\/\/viruelamono.es\/wp-content\/uploads\/2024\/08\/imagen-10-300x118.png 300w, https:\/\/viruelamono.es\/wp-content\/uploads\/2024\/08\/imagen-10-768x303.png 768w, https:\/\/viruelamono.es\/wp-content\/uploads\/2024\/08\/imagen-10-360x142.png 360w, https:\/\/viruelamono.es\/wp-content\/uploads\/2024\/08\/imagen-10.png 1193w\" sizes=\"(max-width: 1024px) 100vw, 1024px\" \/><\/figure>\n\n\n\n<p>Los primeros casos de mpox en este brote se identificaron en el Reino Unido a mediados de mayo de 2022. Estos no estaban asociados con viajes recientes a un \u00e1rea end\u00e9mica o contacto cercano con una persona conocida por tener mpox. Aunque se identific\u00f3 mpox en el Reino Unido en una persona con un viaje reciente a Nigeria el 7 de mayo de 2022, los casos no parec\u00edan estar relacionados.<\/p>\n\n\n\n<p>Posteriormente, se informaron casos de mpox no relacionados con viajes en otras partes de Europa. Como ejemplo, en Portugal, se informaron cinco casos confirmados y m\u00e1s de 20 casos sospechosos de mpox en mayo de 2022. Todos eran hombres j\u00f3venes en Lisboa y el Valle del Tajo. Espa\u00f1a tambi\u00e9n inform\u00f3 varios casos sospechosos en ese momento.<\/p>\n\n\n\n<p>Posteriormente se informaron miles de casos confirmados de mpox\/orthopoxvirus en docenas de pa\u00edses. En el pico del brote en la segunda semana de agosto de 2022, hubo 1000 casos por d\u00eda en todo el mundo. <\/p>\n\n\n\n<p>En contraste, en 2024, se informaron 646 nuevos casos confirmados de laboratorio de mpox durante todo el mes de mayo. En el ultimo mes (Junio\/Julio del 2024) en Europa se han notificado mas de 100 casos. Mas de la mitad de los casos en Espa\u00f1a.<\/p>\n\n\n\n<figure class=\"wp-block-image size-full\"><img loading=\"lazy\" decoding=\"async\" width=\"1010\" height=\"545\" src=\"https:\/\/viruelamono.es\/wp-content\/uploads\/2024\/08\/imagen-11.png\" alt=\"\" class=\"wp-image-364\" srcset=\"https:\/\/viruelamono.es\/wp-content\/uploads\/2024\/08\/imagen-11.png 1010w, https:\/\/viruelamono.es\/wp-content\/uploads\/2024\/08\/imagen-11-300x162.png 300w, https:\/\/viruelamono.es\/wp-content\/uploads\/2024\/08\/imagen-11-768x414.png 768w, https:\/\/viruelamono.es\/wp-content\/uploads\/2024\/08\/imagen-11-360x194.png 360w\" sizes=\"(max-width: 1010px) 100vw, 1010px\" \/><\/figure>\n\n\n\n<p><\/p>\n\n\n\n<p><\/p>\n","protected":false},"excerpt":{"rendered":"<p>EPIDEMIOLOG\u00cdA El virus de la viruela del mono fue aislado por primera vez en Dinamarca a finales de los a\u00f1os 50 a partir de una colonia de monos de laboratorio procedentes de Singapur que iban a ser utilizados para la <a href=\"https:\/\/viruelamono.es\/index.php\/mpox-epidemiologia\/\" class=\"read-more\">Leer m\u00e1s&#8230;<\/a><\/p>\n","protected":false},"author":1,"featured_media":0,"parent":0,"menu_order":0,"comment_status":"closed","ping_status":"closed","template":"","meta":{"footnotes":""},"class_list":["post-278","page","type-page","status-publish","hentry"],"_links":{"self":[{"href":"https:\/\/viruelamono.es\/index.php\/wp-json\/wp\/v2\/pages\/278","targetHints":{"allow":["GET"]}}],"collection":[{"href":"https:\/\/viruelamono.es\/index.php\/wp-json\/wp\/v2\/pages"}],"about":[{"href":"https:\/\/viruelamono.es\/index.php\/wp-json\/wp\/v2\/types\/page"}],"author":[{"embeddable":true,"href":"https:\/\/viruelamono.es\/index.php\/wp-json\/wp\/v2\/users\/1"}],"replies":[{"embeddable":true,"href":"https:\/\/viruelamono.es\/index.php\/wp-json\/wp\/v2\/comments?post=278"}],"version-history":[{"count":8,"href":"https:\/\/viruelamono.es\/index.php\/wp-json\/wp\/v2\/pages\/278\/revisions"}],"predecessor-version":[{"id":365,"href":"https:\/\/viruelamono.es\/index.php\/wp-json\/wp\/v2\/pages\/278\/revisions\/365"}],"wp:attachment":[{"href":"https:\/\/viruelamono.es\/index.php\/wp-json\/wp\/v2\/media?parent=278"}],"curies":[{"name":"wp","href":"https:\/\/api.w.org\/{rel}","templated":true}]}}