{"id":298,"date":"2024-08-22T11:56:21","date_gmt":"2024-08-22T11:56:21","guid":{"rendered":"https:\/\/viruelamono.es\/?page_id=298"},"modified":"2024-08-22T12:00:21","modified_gmt":"2024-08-22T12:00:21","slug":"prevencion-mpox","status":"publish","type":"page","link":"https:\/\/viruelamono.es\/index.php\/prevencion-mpox\/","title":{"rendered":"Prevenci\u00f3n mpox"},"content":{"rendered":"\n<p><strong>Medidas preventivas generales en entornos sanitarios<\/strong><\/p>\n\n\n\n<ul class=\"wp-block-list\">\n<li><strong>Aislamiento y vigilancia<\/strong>: Todos los casos en investigaci\u00f3n o confirmados de MPX deben permanecer aislados y bajo vigilancia.<\/li>\n\n\n\n<li><strong>Restricci\u00f3n de personal<\/strong>: Se limitar\u00e1 al m\u00ednimo imprescindible el personal necesario para prestar asistencia al caso en investigaci\u00f3n o confirmado.<\/li>\n\n\n\n<li><strong>Registro de acceso al aislamiento<\/strong>: Se llevar\u00e1 a cabo un registro de todas las personas que entren en el box de aislamiento.<\/li>\n\n\n\n<li><strong>Antecedentes relevantes<\/strong>: Incluir antecedentes de viaje a \u00c1frica (e.g., Rep\u00fablica Democr\u00e1tica del Congo, Sud\u00e1frica, Costa de Marfil, Camer\u00fan, Liberia, Nigeria, Burundi, Kenia, Ruanda, Uganda).<\/li>\n<\/ul>\n\n\n\n<p><strong>Medidas de protecci\u00f3n espec\u00edfica en entornos sanitarios<\/strong><\/p>\n\n\n\n<ul class=\"wp-block-list\">\n<li><strong>Precauciones est\u00e1ndar y espec\u00edficas<\/strong>: Los profesionales sanitarios deber\u00e1n aplicar las precauciones est\u00e1ndar y las precauciones espec\u00edficas que incluyen el uso de equipos de protecci\u00f3n individual (EPI).<\/li>\n\n\n\n<li><strong>Uso correcto de EPI<\/strong>: Los equipos de protecci\u00f3n individual se utilizar\u00e1n siguiendo protocolos establecidos de colocaci\u00f3n, retirada, desinfecci\u00f3n y eliminaci\u00f3n.<\/li>\n\n\n\n<li><strong>Protecci\u00f3n en procedimientos de riesgo<\/strong>: Durante procedimientos que generen aerosoles (e.g., intubaci\u00f3n traqueal, lavado bronco-alveolar), se deber\u00e1:\n<ul class=\"wp-block-list\">\n<li>Minimizar el n\u00famero de personas presentes.<\/li>\n\n\n\n<li>Utilizar mascarillas FFP3, guantes, protecci\u00f3n ocular ajustada, y batas impermeables de manga larga.<\/li>\n<\/ul>\n<\/li>\n<\/ul>\n\n\n\n<p><strong>Manejo de muestras cl\u00ednicas<\/strong><\/p>\n\n\n\n<ul class=\"wp-block-list\">\n<li><strong>Protecci\u00f3n durante la recolecci\u00f3n de muestras<\/strong>: El personal que recoja muestras cl\u00ednicas deber\u00e1 utilizar el EPI adecuado seg\u00fan el tipo de muestra.<\/li>\n\n\n\n<li><strong>Transporte de muestras<\/strong>: Las muestras cl\u00ednicas se manejar\u00e1n como de categor\u00eda B, aplicando precauciones est\u00e1ndar para su transporte.<\/li>\n\n\n\n<li><strong>Descontaminaci\u00f3n y eliminaci\u00f3n de residuos<\/strong>: Se seguir\u00e1n los protocolos habituales para la descontaminaci\u00f3n, mantenimiento y eliminaci\u00f3n de residuos de microorganismos con riesgo de propagaci\u00f3n similar.<\/li>\n<\/ul>\n\n\n\n<p><strong>Seguimiento de contactos estrechos<\/strong><\/p>\n\n\n\n<ul class=\"wp-block-list\">\n<li><strong>Identificaci\u00f3n y seguimiento<\/strong>: Se iniciar\u00e1 la b\u00fasqueda e identificaci\u00f3n de posibles contactos estrechos tras la confirmaci\u00f3n del caso.<\/li>\n\n\n\n<li><strong>Definici\u00f3n de contacto estrecho<\/strong>: Se considera contacto estrecho a cualquier interacci\u00f3n cercana (menor a 1 metro) con un caso confirmado, sin uso adecuado de EPI.<\/li>\n\n\n\n<li><strong>Protocolo para contactos estrechos<\/strong>: Se informar\u00e1 a los contactos estrechos sobre los s\u00edntomas de MPX y se les indicar\u00e1 monitorizar su temperatura diariamente por 21 d\u00edas. No se requiere cuarentena, pero se deben extremar precauciones y reducir interacciones sociales<\/li>\n<\/ul>\n\n\n\n<p><\/p>\n\n\n\n<p>Secuencia de colocacion de equipos de proteccion (EPI)<\/p>\n\n\n\n<figure class=\"wp-block-image size-full\"><img fetchpriority=\"high\" decoding=\"async\" width=\"753\" height=\"651\" src=\"https:\/\/viruelamono.es\/wp-content\/uploads\/2024\/08\/imagen-4.png\" alt=\"\" class=\"wp-image-300\" srcset=\"https:\/\/viruelamono.es\/wp-content\/uploads\/2024\/08\/imagen-4.png 753w, https:\/\/viruelamono.es\/wp-content\/uploads\/2024\/08\/imagen-4-300x259.png 300w, https:\/\/viruelamono.es\/wp-content\/uploads\/2024\/08\/imagen-4-312x270.png 312w\" sizes=\"(max-width: 753px) 100vw, 753px\" \/><\/figure>\n\n\n\n<p>Secuencia de retirada de equipos de proteccion.<\/p>\n\n\n\n<figure class=\"wp-block-image size-full\"><img decoding=\"async\" width=\"729\" height=\"733\" src=\"https:\/\/viruelamono.es\/wp-content\/uploads\/2024\/08\/imagen-3.png\" alt=\"\" class=\"wp-image-299\" srcset=\"https:\/\/viruelamono.es\/wp-content\/uploads\/2024\/08\/imagen-3.png 729w, https:\/\/viruelamono.es\/wp-content\/uploads\/2024\/08\/imagen-3-298x300.png 298w, https:\/\/viruelamono.es\/wp-content\/uploads\/2024\/08\/imagen-3-150x150.png 150w, https:\/\/viruelamono.es\/wp-content\/uploads\/2024\/08\/imagen-3-269x270.png 269w\" sizes=\"(max-width: 729px) 100vw, 729px\" \/><\/figure>\n","protected":false},"excerpt":{"rendered":"<p>Medidas preventivas generales en entornos sanitarios Medidas de protecci\u00f3n espec\u00edfica en entornos sanitarios Manejo de muestras cl\u00ednicas Seguimiento de contactos estrechos Secuencia de colocacion de equipos de proteccion (EPI) Secuencia de retirada de equipos de proteccion.<\/p>\n","protected":false},"author":1,"featured_media":0,"parent":0,"menu_order":0,"comment_status":"closed","ping_status":"closed","template":"","meta":{"footnotes":""},"class_list":["post-298","page","type-page","status-publish","hentry"],"_links":{"self":[{"href":"https:\/\/viruelamono.es\/index.php\/wp-json\/wp\/v2\/pages\/298","targetHints":{"allow":["GET"]}}],"collection":[{"href":"https:\/\/viruelamono.es\/index.php\/wp-json\/wp\/v2\/pages"}],"about":[{"href":"https:\/\/viruelamono.es\/index.php\/wp-json\/wp\/v2\/types\/page"}],"author":[{"embeddable":true,"href":"https:\/\/viruelamono.es\/index.php\/wp-json\/wp\/v2\/users\/1"}],"replies":[{"embeddable":true,"href":"https:\/\/viruelamono.es\/index.php\/wp-json\/wp\/v2\/comments?post=298"}],"version-history":[{"count":2,"href":"https:\/\/viruelamono.es\/index.php\/wp-json\/wp\/v2\/pages\/298\/revisions"}],"predecessor-version":[{"id":307,"href":"https:\/\/viruelamono.es\/index.php\/wp-json\/wp\/v2\/pages\/298\/revisions\/307"}],"wp:attachment":[{"href":"https:\/\/viruelamono.es\/index.php\/wp-json\/wp\/v2\/media?parent=298"}],"curies":[{"name":"wp","href":"https:\/\/api.w.org\/{rel}","templated":true}]}}