{"id":329,"date":"2024-08-23T04:52:19","date_gmt":"2024-08-23T04:52:19","guid":{"rendered":"https:\/\/viruelamono.es\/?page_id=329"},"modified":"2024-08-23T04:53:37","modified_gmt":"2024-08-23T04:53:37","slug":"terminologia-mpox-monkeypox-o-viruela-del-mono","status":"publish","type":"page","link":"https:\/\/viruelamono.es\/index.php\/terminologia-mpox-monkeypox-o-viruela-del-mono\/","title":{"rendered":"Terminolog\u00eda \u00bfmpox, monkeypox o viruela del mono?"},"content":{"rendered":"\n<p>En noviembre de 2022, la Organizaci\u00f3n Mundial de la Salud, responsable de la denominaci\u00f3n y renombramiento de enfermedades bajo la Clasificaci\u00f3n Internacional de Enfermedades (CIE), cambi\u00f3 el nombre de la enfermedad conocida como \u00abviruela del mono\u00bb a \u00abmpox\u00bb. Este cambio se realiz\u00f3 siguiendo las mejores pr\u00e1cticas actuales de no nombrar enfermedades por animales o ubicaciones geogr\u00e1ficas y para reducir cualquier estigma que pudiera asociarse con el nombre original.<\/p>\n\n\n\n<p>El virus que causa mpox continuar\u00e1 siendo referido como virus de la viruela del mono hasta que el Comit\u00e9 Internacional de Taxonom\u00eda de Virus (ICTV) decida oficialmente cu\u00e1l deber\u00e1 ser el nombre del virus. Sin embargo, el clado anteriormente conocido como Cuenca del Congo (Centroafricano) fue renombrado como Clado uno (I) y el clado de \u00c1frica Occidental fue renombrado como Clado dos (II). El Clado II consta de dos subclados, IIa y IIb.<\/p>\n","protected":false},"excerpt":{"rendered":"<p>En noviembre de 2022, la Organizaci\u00f3n Mundial de la Salud, responsable de la denominaci\u00f3n y renombramiento de enfermedades bajo la Clasificaci\u00f3n Internacional de Enfermedades (CIE), cambi\u00f3 el nombre de la enfermedad conocida como \u00abviruela del mono\u00bb a \u00abmpox\u00bb. Este cambio <a href=\"https:\/\/viruelamono.es\/index.php\/terminologia-mpox-monkeypox-o-viruela-del-mono\/\" class=\"read-more\">Leer m\u00e1s&#8230;<\/a><\/p>\n","protected":false},"author":1,"featured_media":0,"parent":0,"menu_order":0,"comment_status":"closed","ping_status":"closed","template":"","meta":{"footnotes":""},"class_list":["post-329","page","type-page","status-publish","hentry"],"_links":{"self":[{"href":"https:\/\/viruelamono.es\/index.php\/wp-json\/wp\/v2\/pages\/329","targetHints":{"allow":["GET"]}}],"collection":[{"href":"https:\/\/viruelamono.es\/index.php\/wp-json\/wp\/v2\/pages"}],"about":[{"href":"https:\/\/viruelamono.es\/index.php\/wp-json\/wp\/v2\/types\/page"}],"author":[{"embeddable":true,"href":"https:\/\/viruelamono.es\/index.php\/wp-json\/wp\/v2\/users\/1"}],"replies":[{"embeddable":true,"href":"https:\/\/viruelamono.es\/index.php\/wp-json\/wp\/v2\/comments?post=329"}],"version-history":[{"count":2,"href":"https:\/\/viruelamono.es\/index.php\/wp-json\/wp\/v2\/pages\/329\/revisions"}],"predecessor-version":[{"id":332,"href":"https:\/\/viruelamono.es\/index.php\/wp-json\/wp\/v2\/pages\/329\/revisions\/332"}],"wp:attachment":[{"href":"https:\/\/viruelamono.es\/index.php\/wp-json\/wp\/v2\/media?parent=329"}],"curies":[{"name":"wp","href":"https:\/\/api.w.org\/{rel}","templated":true}]}}