{"id":373,"date":"2024-08-23T06:23:21","date_gmt":"2024-08-23T06:23:21","guid":{"rendered":"https:\/\/viruelamono.es\/?page_id=373"},"modified":"2024-08-23T06:34:38","modified_gmt":"2024-08-23T06:34:38","slug":"transmision-mpox","status":"publish","type":"page","link":"https:\/\/viruelamono.es\/index.php\/transmision-mpox\/","title":{"rendered":"Transmisi\u00f3n mpox"},"content":{"rendered":"\t\t<div data-elementor-type=\"wp-page\" data-elementor-id=\"373\" class=\"elementor elementor-373\">\n\t\t\t\t\t\t<section class=\"elementor-section elementor-top-section elementor-element elementor-element-61c4525b elementor-section-boxed elementor-section-height-default elementor-section-height-default\" data-id=\"61c4525b\" data-element_type=\"section\">\n\t\t\t\t\t\t<div class=\"elementor-container elementor-column-gap-default\">\n\t\t\t\t\t<div class=\"elementor-column elementor-col-100 elementor-top-column elementor-element elementor-element-3f363e28\" data-id=\"3f363e28\" data-element_type=\"column\">\n\t\t\t<div class=\"elementor-widget-wrap elementor-element-populated\">\n\t\t\t\t\t\t<div class=\"elementor-element elementor-element-166b9146 elementor-widget elementor-widget-text-editor\" data-id=\"166b9146\" data-element_type=\"widget\" data-widget_type=\"text-editor.default\">\n\t\t\t\t<div class=\"elementor-widget-container\">\n\t\t\t<style>\/*! elementor - v3.23.0 - 05-08-2024 *\/\n.elementor-widget-text-editor.elementor-drop-cap-view-stacked .elementor-drop-cap{background-color:#69727d;color:#fff}.elementor-widget-text-editor.elementor-drop-cap-view-framed .elementor-drop-cap{color:#69727d;border:3px solid;background-color:transparent}.elementor-widget-text-editor:not(.elementor-drop-cap-view-default) .elementor-drop-cap{margin-top:8px}.elementor-widget-text-editor:not(.elementor-drop-cap-view-default) .elementor-drop-cap-letter{width:1em;height:1em}.elementor-widget-text-editor .elementor-drop-cap{float:left;text-align:center;line-height:1;font-size:50px}.elementor-widget-text-editor .elementor-drop-cap-letter{display:inline-block}<\/style>\t\t\t\t<p><!-- wp:list {\"ordered\":true} --><\/p>\n<ol class=\"wp-block-list\"><!-- wp:list-item --><p><\/p>\n<li><strong>Transmisi\u00f3n de animal a humano<\/strong><\/li>\n<p><!-- \/wp:list-item --><\/p><\/ol>\n<p><!-- \/wp:list --><!-- wp:paragraph --><\/p>\n<p>El virus de la viruela del mono puede adquirirse a trav\u00e9s del contacto con fluidos corporales de un animal infectado o mediante una mordedura. Tambi\u00e9n se puede adquirir a trav\u00e9s de la preparaci\u00f3n de carne (carne cruda o m\u00ednimamente procesada que proviene de animales salvajes en ciertas regiones del mundo, incluida \u00c1frica).<\/p>\n<p><!-- \/wp:paragraph --><!-- wp:paragraph --><\/p>\n<p>En \u00c1frica, se ha encontrado evidencia de infecci\u00f3n por el virus de la viruela del mono en muchos tipos de animales, incluyendo ardillas, ratas gigantes de Gambia, lirones y diferentes especies de monos. <strong>Los monos y los humanos son hu\u00e9spedes incidentales<\/strong>; <strong>el reservorio sigue siendo desconocido<\/strong> pero es probable que sean roedores.<\/p>\n<p><!-- \/wp:paragraph --><!-- wp:paragraph --><\/p>\n<p>Los hallazgos del brote de perritos de las praderas en los Estados Unidos en 2003 destacaron la importancia del tipo de exposici\u00f3n y el riesgo de infecci\u00f3n (por ejemplo, mordida versus tocar un animal infectado), as\u00ed como la severidad de las manifestaciones cl\u00ednicas de mpox, presumiblemente relacionadas con el nivel de exposici\u00f3n.<\/p>\n<p><!-- \/wp:paragraph --><!-- wp:paragraph --><\/p>\n<p>2. <strong>Transmisi\u00f3n de humano a humano<\/strong><\/p>\n<p><!-- \/wp:paragraph --><!-- wp:paragraph --><\/p>\n<p>V\u00edas de transmisi\u00f3n de persona a persona \u2014 La transmisi\u00f3n de humano a humano del virus de la viruela del mono puede ocurrir de varias maneras:<\/p>\n<p><!-- \/wp:paragraph --><!-- wp:paragraph --><\/p>\n<ul>\n<li><mark class=\"has-inline-color has-yellow-color\" style=\"background-color: rgba(0, 0, 0, 0);\">Contacto directo<\/mark><\/li>\n<li><mark class=\"has-inline-color has-yellow-color\" style=\"background-color: rgba(0, 0, 0, 0);\">Contacto indirecto a trav\u00e9s de f\u00f3mites<\/mark><\/li>\n<li><mark class=\"has-inline-color has-yellow-color\" style=\"background-color: rgba(0, 0, 0, 0);\">Secreciones respiratorias<\/mark><\/li>\n<li><mark class=\"has-inline-color has-yellow-color\" style=\"background-color: rgba(0, 0, 0, 0);\">Transmisi\u00f3n vertical<\/mark><\/li>\n<li><mark class=\"has-inline-color has-yellow-color\" style=\"background-color: rgba(0, 0, 0, 0);\">Inoculaci\u00f3n percut\u00e1nea<\/mark><\/li>\n<li><mark class=\"has-inline-color has-yellow-color\" style=\"background-color: rgba(0, 0, 0, 0);\">Riesgo de propagaci\u00f3n a trav\u00e9s de otros fluidos corporales<\/mark><\/li>\n<\/ul>\n<p><!-- \/wp:paragraph --><!-- wp:paragraph --><\/p>\n<p>2.1 <strong>Contacto directo<\/strong> \u2013 Se cree que la propagaci\u00f3n del virus de la viruela del mono ocurre principalmente a trav\u00e9s del contacto directo con llagas infecciosas, costras o fluidos corporales. Como tal, el mpox puede propagarse durante actividades que incluyen contacto cercano y personal con un individuo infectado. La transmisi\u00f3n puede facilitarse tocando material infeccioso y luego las mucosas faciales o cualquier ruptura en la piel del receptor.<\/p>\n<p><!-- \/wp:paragraph --><!-- wp:paragraph --><\/p>\n<p>Durante el brote multicontinental de mpox que comenz\u00f3 en 2022, el contacto cercano con material infeccioso de la piel o lesiones en las membranas mucosas (por ejemplo, ocurriendo durante contacto sexual y\/o \u00edntimo cercano) se considera el principal factor de riesgo para la adquisici\u00f3n.<\/p>\n<p><!-- \/wp:paragraph --><!-- wp:paragraph --><\/p>\n<p>En la mayor\u00eda de los casos, la transmisi\u00f3n ocurre de personas que ya son sintom\u00e1ticas; sin embargo, <strong>algunas personas pueden propagar el virus de la viruela del mono a otros desde 1-4 d\u00edas antes del inicio de los s\u00edntomas<\/strong>. Datos de los Pa\u00edses Bajos reportaron cinco casos donde la transmisi\u00f3n ocurri\u00f3 antes de que la persona que transmiti\u00f3 la infecci\u00f3n desarrollara s\u00edntomas.<\/p>\n<p><!-- \/wp:paragraph --><!-- wp:paragraph --><\/p>\n<p>2.2 <strong>Contacto indirecto a trav\u00e9s de f\u00f3mites<\/strong> \u2013 La transmisi\u00f3n puede ocurrir a trav\u00e9s del contacto con materiales o f\u00f3mites que se han contaminado con material infectado en el hogar o en el entorno de atenci\u00f3n al paciente, como ropa o ropa de cama contaminada con material infeccioso de fluidos corporales o llagas. En un informe que investig\u00f3 salas de aislamiento respiratorio, se encontr\u00f3 ADN viral en habitaciones, ba\u00f1os, antesalas y en superficies no t\u00e1ctiles (por ejemplo, &gt;1.5 metros de la cama) as\u00ed como en los EPI de los trabajadores de la salud.<\/p>\n<p><!-- \/wp:paragraph --><!-- wp:paragraph --><\/p>\n<p>No est\u00e1 claro si el contacto a trav\u00e9s de f\u00f3mites es una fuente com\u00fan de transmisi\u00f3n, sin embargo, la amplia contaminaci\u00f3n superficial del entorno de atenci\u00f3n al paciente requiere un enfoque sistem\u00e1tico para el uso de precauciones de prevenci\u00f3n de infecciones en el hogar y en entornos de atenci\u00f3n m\u00e9dica.<\/p>\n<p><!-- \/wp:paragraph --><!-- wp:paragraph --><\/p>\n<p>2.3 <strong>Secreciones respiratorias<\/strong> \u2013 No est\u00e1 claro en qu\u00e9 grado el mpox se propaga a trav\u00e9s de secreciones respiratorias. La mayor\u00eda de los estudios de transmisi\u00f3n de mpox en humanos antes de 2022 se realizaron en hogares africanos, y aunque se pensaba que la transmisi\u00f3n por gotitas hab\u00eda jugado un papel, los entornos dom\u00e9sticos involucran varios modos de adquisici\u00f3n como el cuidado y el compartir cama. Adem\u00e1s, en una investigaci\u00f3n de entorno de atenci\u00f3n m\u00e9dica en 2022 en los Estados Unidos, ninguno de los 313 profesionales de la salud expuestos a pacientes con mpox se infect\u00f3. Esto incluy\u00f3 a siete individuos supuestamente expuestos durante procedimientos que generan aerosoles, cuatro de los cuales no llevaban respirador N95.<\/p>\n<p><!-- \/wp:paragraph --><!-- wp:paragraph --><\/p>\n<p>Sin embargo, actividades que resultan en la resuspensi\u00f3n de material seco de lesiones (por ejemplo, agitar ropa de cama contaminada) pueden presentar un riesgo y deben evitarse. Durante el brote multicontinental, un estudio que evalu\u00f3 181 casos de mpox encontr\u00f3 que las muestras de lesiones cut\u00e1neas conten\u00edan mucha m\u00e1s carga viral de ADN que las de la garganta.<\/p>\n<p><!-- \/wp:paragraph --><!-- wp:paragraph --><\/p>\n<p>2.4 <strong>Transmisi\u00f3n vertical<\/strong> \u2013 El virus puede cruzar la placenta de la madre al feto, lo que puede llevar a mpox cong\u00e9nito, aunque la tasa de transmisi\u00f3n o riesgo por trimestre no se conoce. En un informe de cuatro mujeres embarazadas con mpox de la RDC, una dio a luz a un infante saludable, dos tuvieron abortos espont\u00e1neos en el primer trimestre, y una tuvo muerte fetal con el natimuerto mostrando lesiones cut\u00e1neas maculopapulares difusas consistentes con transmisi\u00f3n vertical. Durante el brote multicontinental, se inform\u00f3 un caso de transmisi\u00f3n perinatal, pero el embarazo no siempre ha resultado en la transmisi\u00f3n al beb\u00e9.<\/p>\n<p><!-- \/wp:paragraph --><!-- wp:paragraph --><\/p>\n<p>2.5 <strong>Inoculaci\u00f3n percut\u00e1nea<\/strong> \u2013 Se han reportado casos de transmisi\u00f3n a trav\u00e9s de lesiones por agujas de suministros utilizados para recolectar muestras de lesiones cut\u00e1neas. Las lesiones de mpox aparecieron en el sitio de la punci\u00f3n con aguja. La transmisi\u00f3n tambi\u00e9n ha estado asociada con perforaciones o tatuajes; en algunos de estos casos, los pacientes presentaron un sarpullido cut\u00e1neo sist\u00e9mico.<\/p>\n<p><!-- \/wp:paragraph --><!-- wp:paragraph --><\/p>\n<p>2.6 <strong>Riesgo de propagaci\u00f3n a trav\u00e9s de otros fluidos corporales<\/strong> \u2013 Actualmente, no se sabe si el mpox puede propagarse a trav\u00e9s del semen, los fluidos vaginales u otros fluidos corporales, aunque se ha detectado ADN viral en el semen. En un informe de 12 casos de Espa\u00f1a durante el brote multicontinental, hubo altas tasas de positividad de la reacci\u00f3n en cadena de la polimerasa (PCR) en muestras recolectadas de saliva (12 de 12), semen (7 de 9), orina (9 de 12) y heces (8 de 12). En un estudio multicontinental, 29 de 32 muestras de semen ten\u00edan ADN detectable del virus de la viruela del mono. En al menos un caso, el virus de la viruela del mono aislado de una muestra de semen fue competente para replicarse en cultivo celular, pero a\u00fan se desconoce si el semen puede transmitir una infecci\u00f3n. Por lo tanto, la prueba del semen no debe usarse para guiar las precauciones despu\u00e9s de la recuperaci\u00f3n o evaluar el riesgo de transmisi\u00f3n en adelante dada la falta de datos.<\/p>\n<p><strong>Transmisi\u00f3n del MPOX en instalaciones de atenci\u00f3n m\u00e9dica<\/strong><\/p>\n<p>El riesgo de transmisi\u00f3n del virus de la viruela del mono en entornos de atenci\u00f3n m\u00e9dica bien equipados es bajo . Durante el brote de 2003 en los Estados Unidos, no hubo casos de transmisi\u00f3n nosocomial en instalaciones de atenci\u00f3n m\u00e9dica. En un estudio de 57 personal de salud que estuvieron expuestos a pacientes con mpox, ninguno inform\u00f3 signos y s\u00edntomas de la enfermedad.<\/p>\n<p>En un informe que evalu\u00f3 la transmisi\u00f3n nosocomial del virus de la viruela del mono fuera de las regiones end\u00e9micas durante los 22 a\u00f1os previos al brote global informado en mayo de 2022, solo se report\u00f3 un evento de transmisi\u00f3n. Desde 2022, se han reportado varios casos, incluida la exposici\u00f3n despu\u00e9s de lesiones por aguja de suministros utilizados para recolectar muestras de lesiones cut\u00e1neas.<br><\/p>\n\n<p><!-- \/wp:paragraph --><\/p>\t\t\t\t\t\t<\/div>\n\t\t\t\t<\/div>\n\t\t\t\t\t<\/div>\n\t\t<\/div>\n\t\t\t\t\t<\/div>\n\t\t<\/section>\n\t\t\t\t<\/div>\n\t\t","protected":false},"excerpt":{"rendered":"<p>El virus de la viruela del mono puede adquirirse a trav\u00e9s del contacto con fluidos corporales de un animal infectado o mediante una mordedura. Tambi\u00e9n se puede adquirir a trav\u00e9s de la preparaci\u00f3n de carne (carne cruda o m\u00ednimamente procesada <a href=\"https:\/\/viruelamono.es\/index.php\/transmision-mpox\/\" class=\"read-more\">Leer m\u00e1s&#8230;<\/a><\/p>\n","protected":false},"author":1,"featured_media":0,"parent":0,"menu_order":0,"comment_status":"closed","ping_status":"closed","template":"","meta":{"footnotes":""},"class_list":["post-373","page","type-page","status-publish","hentry"],"_links":{"self":[{"href":"https:\/\/viruelamono.es\/index.php\/wp-json\/wp\/v2\/pages\/373","targetHints":{"allow":["GET"]}}],"collection":[{"href":"https:\/\/viruelamono.es\/index.php\/wp-json\/wp\/v2\/pages"}],"about":[{"href":"https:\/\/viruelamono.es\/index.php\/wp-json\/wp\/v2\/types\/page"}],"author":[{"embeddable":true,"href":"https:\/\/viruelamono.es\/index.php\/wp-json\/wp\/v2\/users\/1"}],"replies":[{"embeddable":true,"href":"https:\/\/viruelamono.es\/index.php\/wp-json\/wp\/v2\/comments?post=373"}],"version-history":[{"count":8,"href":"https:\/\/viruelamono.es\/index.php\/wp-json\/wp\/v2\/pages\/373\/revisions"}],"predecessor-version":[{"id":383,"href":"https:\/\/viruelamono.es\/index.php\/wp-json\/wp\/v2\/pages\/373\/revisions\/383"}],"wp:attachment":[{"href":"https:\/\/viruelamono.es\/index.php\/wp-json\/wp\/v2\/media?parent=373"}],"curies":[{"name":"wp","href":"https:\/\/api.w.org\/{rel}","templated":true}]}}