{"id":392,"date":"2024-08-23T12:13:36","date_gmt":"2024-08-23T12:13:36","guid":{"rendered":"https:\/\/viruelamono.es\/?page_id=392"},"modified":"2024-08-23T12:13:36","modified_gmt":"2024-08-23T12:13:36","slug":"mpox-en-la-comunidad-de-madrid","status":"publish","type":"page","link":"https:\/\/viruelamono.es\/index.php\/mpox-en-la-comunidad-de-madrid\/","title":{"rendered":"Mpox en la Comunidad de Madrid"},"content":{"rendered":"\n<p><strong>Vigilancia de Mpox en la Comunidad de Madrid: Sistema EDO (2022-2024)<\/strong><\/p>\n\n\n\n<p>Desde el comienzo del brote de Mpox en 2022 hasta la semana epidemiol\u00f3gica 33 de 2024, la Comunidad de Madrid ha registrado un total de 2,768 casos. La mayor parte de estos diagn\u00f3sticos ocurri\u00f3 en el a\u00f1o 2022, con un predominio de casos en hombres, quienes representan m\u00e1s del 98% del total. Se identificaron casos en mujeres, representando el 1.3% (n=32) en 2022 y el 0.7% (n=1) en 2024. Adem\u00e1s, se confirm\u00f3 un caso de reinfecci\u00f3n durante el a\u00f1o 2023.<\/p>\n\n\n\n<p>El rango de edad m\u00e1s afectado a lo largo de estos tres a\u00f1os ha sido de 30 a 39 a\u00f1os. En 2022 y 2024, el grupo de 40 a 49 a\u00f1os fue el segundo m\u00e1s frecuente, mientras que en 2023, fue el grupo de 20 a 29 a\u00f1os.<\/p>\n\n\n\n<p>La transmisi\u00f3n sexual ha sido la v\u00eda predominante en m\u00e1s del 90% de los casos registrados en los tres a\u00f1os, y el 85% de los afectados son hombres que tienen sexo con hombres (HSH).<\/p>\n\n\n\n<p>En cuanto a la vacunaci\u00f3n, en 2023, cuatro casos hab\u00edan recibido la pauta completa de vacunaci\u00f3n y 13 solo una dosis. En 2024, 14 personas contaban con la pauta completa y 11 solo una dosis.<\/p>\n\n\n\n<p>Respecto a los pacientes con diagn\u00f3stico previo o concomitante de VIH, estos representaron el 43.9% en 2022 y el 42.2% en 2023. En 2024, la proporci\u00f3n disminuy\u00f3 al 34.2% hasta la semana epidemiol\u00f3gica 33.<\/p>\n\n\n\n<p><strong>Tablas de distribuci\u00f3n de casos de Mpox:<\/strong><\/p>\n\n\n\n<ul class=\"wp-block-list\">\n<li><strong>Tabla 1: Distribuci\u00f3n de casos de Mpox por grupo de edad y sexo en la Comunidad de Madrid (2022-2024).<\/strong><\/li>\n<\/ul>\n\n\n\n<figure class=\"wp-block-table\"><table class=\"has-fixed-layout\"><thead><tr><th>Edad<\/th><th>2022 Hombre (n=2568)<\/th><th>2022 Mujer (n=32)<\/th><th>2023 Hombre (n=116)<\/th><th>2023 Mujer (n=0)<\/th><th>2024 Hombre (n=151)<\/th><th>2024 Mujer (n=1)<\/th><\/tr><\/thead><tbody><tr><td>Menos de 20 a\u00f1os<\/td><td>0.4%<\/td><td>3.1%<\/td><td>2.6%<\/td><td>0%<\/td><td>0.7%<\/td><td>0%<\/td><\/tr><tr><td>20 a 29 a\u00f1os<\/td><td>22.2%<\/td><td>18.8%<\/td><td>30.2%<\/td><td>0%<\/td><td>20.5%<\/td><td>0%<\/td><\/tr><tr><td>30 a 39 a\u00f1os<\/td><td>40.7%<\/td><td>43.8%<\/td><td>42.2%<\/td><td>0%<\/td><td>39.3%<\/td><td>0%<\/td><\/tr><tr><td>40 a 49 a\u00f1os<\/td><td>26.9%<\/td><td>25.0%<\/td><td>19.8%<\/td><td>0%<\/td><td>25.2%<\/td><td>100%<\/td><\/tr><tr><td>50 a 59 a\u00f1os<\/td><td>8.2%<\/td><td>9.4%<\/td><td>4.3%<\/td><td>0%<\/td><td>11.2%<\/td><td>0%<\/td><\/tr><tr><td>60 o m\u00e1s<\/td><td>1.5%<\/td><td>0%<\/td><td>0.9%<\/td><td>0%<\/td><td>3%<\/td><td>0%<\/td><\/tr><\/tbody><\/table><\/figure>\n\n\n\n<ul class=\"wp-block-list\">\n<li><strong>Tabla 2: Distribuci\u00f3n de casos de Mpox por exposici\u00f3n de riesgo en la Comunidad de Madrid (2022-2024).<\/strong><\/li>\n<\/ul>\n\n\n\n<figure class=\"wp-block-table\"><table class=\"has-fixed-layout\"><thead><tr><th>Exposici\u00f3n de riesgo<\/th><th>2022 (n%)<\/th><th>2023 (n%)<\/th><th>2024 (n%)<\/th><\/tr><\/thead><tbody><tr><td>Transmisi\u00f3n sexual<\/td><td>2262 (90.5%)<\/td><td>108 (93.1%)<\/td><td>141 (92.7%)<\/td><\/tr><tr><td>Contacto persona a persona<\/td><td>67 (2.7%)<\/td><td>3 (2.6%)<\/td><td>5 (3.3%)<\/td><\/tr><tr><td>Desconocido \/ no consta<\/td><td>171 (6.8%)<\/td><td>5 (4.3%)<\/td><td>6 (3.9%)<\/td><\/tr><\/tbody><\/table><\/figure>\n\n\n\n<ul class=\"wp-block-list\">\n<li><strong>Tabla 3: Distribuci\u00f3n de casos de Mpox por antecedente de vacunaci\u00f3n en la Comunidad de Madrid (2022-2024).<\/strong><\/li>\n<\/ul>\n\n\n\n<figure class=\"wp-block-table\"><table class=\"has-fixed-layout\"><thead><tr><th>Antecedente Vacunaci\u00f3n (IMVANEX)<\/th><th>2023 1 dosis<\/th><th>2023 2 dosis<\/th><th>2024 1 dosis<\/th><th>2024 2 dosis<\/th><\/tr><\/thead><tbody><tr><td>Casos<\/td><td>13<\/td><td>4<\/td><td>11<\/td><td>14<\/td><\/tr><\/tbody><\/table><\/figure>\n\n\n\n<p><\/p>\n","protected":false},"excerpt":{"rendered":"<p>Vigilancia de Mpox en la Comunidad de Madrid: Sistema EDO (2022-2024) Desde el comienzo del brote de Mpox en 2022 hasta la semana epidemiol\u00f3gica 33 de 2024, la Comunidad de Madrid ha registrado un total de 2,768 casos. La mayor <a href=\"https:\/\/viruelamono.es\/index.php\/mpox-en-la-comunidad-de-madrid\/\" class=\"read-more\">Leer m\u00e1s&#8230;<\/a><\/p>\n","protected":false},"author":1,"featured_media":0,"parent":0,"menu_order":0,"comment_status":"closed","ping_status":"closed","template":"","meta":{"footnotes":""},"class_list":["post-392","page","type-page","status-publish","hentry"],"_links":{"self":[{"href":"https:\/\/viruelamono.es\/index.php\/wp-json\/wp\/v2\/pages\/392","targetHints":{"allow":["GET"]}}],"collection":[{"href":"https:\/\/viruelamono.es\/index.php\/wp-json\/wp\/v2\/pages"}],"about":[{"href":"https:\/\/viruelamono.es\/index.php\/wp-json\/wp\/v2\/types\/page"}],"author":[{"embeddable":true,"href":"https:\/\/viruelamono.es\/index.php\/wp-json\/wp\/v2\/users\/1"}],"replies":[{"embeddable":true,"href":"https:\/\/viruelamono.es\/index.php\/wp-json\/wp\/v2\/comments?post=392"}],"version-history":[{"count":1,"href":"https:\/\/viruelamono.es\/index.php\/wp-json\/wp\/v2\/pages\/392\/revisions"}],"predecessor-version":[{"id":394,"href":"https:\/\/viruelamono.es\/index.php\/wp-json\/wp\/v2\/pages\/392\/revisions\/394"}],"wp:attachment":[{"href":"https:\/\/viruelamono.es\/index.php\/wp-json\/wp\/v2\/media?parent=392"}],"curies":[{"name":"wp","href":"https:\/\/api.w.org\/{rel}","templated":true}]}}