{"id":395,"date":"2024-08-23T12:15:27","date_gmt":"2024-08-23T12:15:27","guid":{"rendered":"https:\/\/viruelamono.es\/?page_id=395"},"modified":"2024-08-23T12:15:27","modified_gmt":"2024-08-23T12:15:27","slug":"mpox-en-espana-datos-sivies-08-2024","status":"publish","type":"page","link":"https:\/\/viruelamono.es\/index.php\/mpox-en-espana-datos-sivies-08-2024\/","title":{"rendered":"Mpox en Espa\u00f1a. Datos SiViES 08\/2024"},"content":{"rendered":"\n<p><strong>Situaci\u00f3n Epidemiol\u00f3gica de la Infecci\u00f3n por Mpox en Espa\u00f1a<\/strong><\/p>\n\n\n\n<p>Datos obtenidos del Sistema de Vigilancia Epidemiol\u00f3gica (SiViES) el 8 de agosto de 2024 a las 12:30 h. Hasta la fecha de este informe, se han notificado un total de 8,104 casos confirmados de infecci\u00f3n por Mpox desde el inicio del brote en abril de 2022, distribuidos entre 17 Comunidades Aut\u00f3nomas. La tabla 1 presenta el n\u00famero de casos acumulados por a\u00f1o y Comunidad Aut\u00f3noma.<\/p>\n\n\n\n<p><strong>Tabla 1. N\u00famero de casos confirmados de Mpox en SiViES por a\u00f1o y CCAA de notificaci\u00f3n<\/strong><\/p>\n\n\n\n<figure class=\"wp-block-table\"><table class=\"has-fixed-layout\"><thead><tr><th>CCAA<\/th><th>Total casos (%)<\/th><th>Casos 2022 (%)<\/th><th>Casos 2023 (%)<\/th><th>Casos 2024 (%)<\/th><\/tr><\/thead><tbody><tr><td>Andaluc\u00eda<\/td><td>997 (12,3%)<\/td><td>884 (11,8%)<\/td><td>37 (11,6%)<\/td><td>76 (28,8%)<\/td><\/tr><tr><td>Arag\u00f3n<\/td><td>75 (0,9%)<\/td><td>74 (1,0%)<\/td><td>1 (0,3%)<\/td><td>0<\/td><\/tr><tr><td>Asturias<\/td><td>61 (0,8%)<\/td><td>59 (0,8%)<\/td><td>2 (0,6%)<\/td><td>0<\/td><\/tr><tr><td>Baleares<\/td><td>241 (3,0%)<\/td><td>216 (2,9%)<\/td><td>15 (4,7%)<\/td><td>10 (3,8%)<\/td><\/tr><tr><td>Canarias<\/td><td>179 (2,2%)<\/td><td>176 (2,3%)<\/td><td>0<\/td><td>3 (1,1%)<\/td><\/tr><tr><td>Cantabria<\/td><td>36 (0,4%)<\/td><td>36 (0,5%)<\/td><td>0<\/td><td>0<\/td><\/tr><tr><td>Castilla La Mancha<\/td><td>75 (0,9%)<\/td><td>66 (0,9%)<\/td><td>3 (0,9%)<\/td><td>6 (2,3%)<\/td><\/tr><tr><td>Castilla y Le\u00f3n<\/td><td>91 (1,1%)<\/td><td>85 (1,1%)<\/td><td>3 (0,9%)<\/td><td>3 (1,2%)<\/td><\/tr><tr><td>Catalu\u00f1a<\/td><td>2,452 (30,3%)<\/td><td>2,329 (31,0%)<\/td><td>100 (31,4%)<\/td><td>23 (8,7%)<\/td><\/tr><tr><td>Extremadura<\/td><td>34 (0,4%)<\/td><td>32 (0,4%)<\/td><td>1 (0,3%)<\/td><td>1 (0,4%)<\/td><\/tr><tr><td>Galicia<\/td><td>130 (1,6%)<\/td><td>122 (1,6%)<\/td><td>2 (0,6%)<\/td><td>6 (2,3%)<\/td><\/tr><tr><td>Madrid<\/td><td>2,770 (34,2%)<\/td><td>2,534 (33,7%)<\/td><td>118 (37,0%)<\/td><td>118 (44,7%)<\/td><\/tr><tr><td>Murcia<\/td><td>100 (1,2%)<\/td><td>89 (1,2%)<\/td><td>10 (3,1%)<\/td><td>1 (0,4%)<\/td><\/tr><tr><td>Navarra<\/td><td>21 (0,3%)<\/td><td>21 (0,3%)<\/td><td>0<\/td><td>0<\/td><\/tr><tr><td>Pa\u00eds Vasco<\/td><td>251 (3,1%)<\/td><td>245 (3,3%)<\/td><td>1 (0,3%)<\/td><td>5 (1,9%)<\/td><\/tr><tr><td>La Rioja<\/td><td>6 (0,1%)<\/td><td>6 (0,1%)<\/td><td>0<\/td><td>0<\/td><\/tr><tr><td>Comunidad Valenciana<\/td><td>585 (7,2%)<\/td><td>547 (7,3%)<\/td><td>26 (8,2%)<\/td><td>12 (4,6%)<\/td><\/tr><tr><td><strong>Total<\/strong><\/td><td><strong>8,104<\/strong><\/td><td><strong>7,521<\/strong><\/td><td><strong>319<\/strong><\/td><td><strong>264<\/strong><\/td><\/tr><\/tbody><\/table><\/figure>\n\n\n\n<p>Desde la \u00faltima actualizaci\u00f3n del 2 de julio de 2024, se han notificado 20 casos adicionales, todos con fecha de inicio de s\u00edntomas a partir de enero de 2024.<\/p>\n\n\n\n<p><strong>Caracter\u00edsticas de los Casos desde el 01\/01\/2024 hasta el 08\/08\/2024<\/strong><\/p>\n\n\n\n<p>En 2024, se han declarado un total de 251 casos, compuestos por 246 hombres y 5 mujeres. Las edades oscilan entre 6 y 68 a\u00f1os, con una mediana de 37 a\u00f1os. El 62.5% de los casos se concentr\u00f3 en el grupo de 30 a 49 a\u00f1os, y la mayor\u00eda de los afectados nacieron en Espa\u00f1a.<\/p>\n\n\n\n<p><strong>Tabla 2. Caracter\u00edsticas Demogr\u00e1ficas de los Casos de Mpox en SiViES<\/strong><\/p>\n\n\n\n<figure class=\"wp-block-table\"><table class=\"has-fixed-layout\"><thead><tr><th>Caracter\u00edstica<\/th><th>N\u00famero de Casos<\/th><th>Porcentaje<\/th><\/tr><\/thead><tbody><tr><td>Sexo: Hombre<\/td><td>246<\/td><td>98.0%<\/td><\/tr><tr><td>Sexo: Mujer<\/td><td>5<\/td><td>2.0%<\/td><\/tr><tr><td>Grupo de Edad: &lt;20<\/td><td>5<\/td><td>2.0%<\/td><\/tr><tr><td>Grupo de Edad: 20-29<\/td><td>47<\/td><td>18.7%<\/td><\/tr><tr><td>Grupo de Edad: 30-39<\/td><td>91<\/td><td>36.3%<\/td><\/tr><tr><td>Grupo de Edad: 40-49<\/td><td>66<\/td><td>26.3%<\/td><\/tr><tr><td>Grupo de Edad: 50-59<\/td><td>34<\/td><td>13.6%<\/td><\/tr><tr><td>Grupo de Edad: 60+<\/td><td>8<\/td><td>3.2%<\/td><\/tr><tr><td>Regi\u00f3n de Nacimiento: Espa\u00f1a<\/td><td>130<\/td><td>51.8%<\/td><\/tr><tr><td>Regi\u00f3n de Nacimiento: Otros<\/td><td>121<\/td><td>48.2%<\/td><\/tr><\/tbody><\/table><\/figure>\n\n\n\n<p><strong>Conclusiones:<\/strong><\/p>\n\n\n\n<ul class=\"wp-block-list\">\n<li>Contin\u00faan report\u00e1ndose casos de infecci\u00f3n por Mpox en Espa\u00f1a.<\/li>\n\n\n\n<li>No se han observado cambios significativos en las caracter\u00edsticas cl\u00ednicas y epidemiol\u00f3gicas de los casos notificados en 2024 en comparaci\u00f3n con a\u00f1os anteriores.<\/li>\n\n\n\n<li><\/li>\n<\/ul>\n","protected":false},"excerpt":{"rendered":"<p>Situaci\u00f3n Epidemiol\u00f3gica de la Infecci\u00f3n por Mpox en Espa\u00f1a Datos obtenidos del Sistema de Vigilancia Epidemiol\u00f3gica (SiViES) el 8 de agosto de 2024 a las 12:30 h. Hasta la fecha de este informe, se han notificado un total de 8,104 <a href=\"https:\/\/viruelamono.es\/index.php\/mpox-en-espana-datos-sivies-08-2024\/\" class=\"read-more\">Leer m\u00e1s&#8230;<\/a><\/p>\n","protected":false},"author":1,"featured_media":0,"parent":0,"menu_order":0,"comment_status":"closed","ping_status":"closed","template":"","meta":{"footnotes":""},"class_list":["post-395","page","type-page","status-publish","hentry"],"_links":{"self":[{"href":"https:\/\/viruelamono.es\/index.php\/wp-json\/wp\/v2\/pages\/395","targetHints":{"allow":["GET"]}}],"collection":[{"href":"https:\/\/viruelamono.es\/index.php\/wp-json\/wp\/v2\/pages"}],"about":[{"href":"https:\/\/viruelamono.es\/index.php\/wp-json\/wp\/v2\/types\/page"}],"author":[{"embeddable":true,"href":"https:\/\/viruelamono.es\/index.php\/wp-json\/wp\/v2\/users\/1"}],"replies":[{"embeddable":true,"href":"https:\/\/viruelamono.es\/index.php\/wp-json\/wp\/v2\/comments?post=395"}],"version-history":[{"count":1,"href":"https:\/\/viruelamono.es\/index.php\/wp-json\/wp\/v2\/pages\/395\/revisions"}],"predecessor-version":[{"id":397,"href":"https:\/\/viruelamono.es\/index.php\/wp-json\/wp\/v2\/pages\/395\/revisions\/397"}],"wp:attachment":[{"href":"https:\/\/viruelamono.es\/index.php\/wp-json\/wp\/v2\/media?parent=395"}],"curies":[{"name":"wp","href":"https:\/\/api.w.org\/{rel}","templated":true}]}}