{"id":401,"date":"2024-08-24T08:56:13","date_gmt":"2024-08-24T08:56:13","guid":{"rendered":"https:\/\/viruelamono.es\/?page_id=401"},"modified":"2024-08-24T08:56:14","modified_gmt":"2024-08-24T08:56:14","slug":"profilaxis-posexposicion","status":"publish","type":"page","link":"https:\/\/viruelamono.es\/index.php\/profilaxis-posexposicion\/","title":{"rendered":"Profilaxis posexposici\u00f3n"},"content":{"rendered":"\n<p>Se recomienda la vacunaci\u00f3n a todos los contactos estrechos que no hayan<br>pasado la enfermedad, seg\u00fan la definici\u00f3n del Protocolo para la detecci\u00f3n precoz y manejo de casos ante<br>la alerta de viruela del mono (Monkeypox). La vacunaci\u00f3n se debe realizar en los primeros 4 d\u00edas tras el<br>primer contacto (aunque podr\u00e1 ofrecerse hasta los 14 d\u00edas).<\/p>\n\n\n\n<p><br>Las personas con mayor riesgo de enfermedad son:<\/p>\n\n\n\n<p><br>1- Personas con riesgo de enfermedad grave o complicaciones:<br>a. Personas con inmunodepresi\u00f3n, incluyendo infecci\u00f3n por VIH con \u02c2200 cel\/ml<br>b. Embarazadas en cualquier trimestre de gestaci\u00f3n<br>c. Poblaci\u00f3n infantil de cualquier edad<br><\/p>\n\n\n\n<p>Aunque no existen datos espec\u00edficos sobre la vacunaci\u00f3n en menores de 18 a\u00f1os y embarazadas,<br>la enfermedad puede ser m\u00e1s grave y causar secuelas en ambos colectivos. Se recomienda la<br>utilizaci\u00f3n de un consentimiento informado en estos grupos de poblaci\u00f3n tras realizar una<br>evaluaci\u00f3n individualizada del riesgo\/beneficio.<br><br>2- Personal sanitario que haya tenido un contacto cercano (inferior a 1 metro en la misma<br>habitaci\u00f3n) sin EPI o que ha presentado alguna incidencia en el uso del EPI.<\/p>\n\n\n\n<p><br>3- Personal de laboratorio que maneje muestras de pacientes sospechosos o confirmados de MPX<br>que ha presentado alguna incidencia en el uso del EPI.<\/p>\n\n\n\n<p><br>Las recomendaciones acerca del esquema de vacunaci\u00f3n y otros aspectos pr\u00e1cticos seguir\u00e1n siendo las<br>incluidas en la anterior actualizaci\u00f3n.<\/p>\n\n\n\n<p><br>Se recomienda seguir insistiendo en la vacunaci\u00f3n preexposici\u00f3n de aquellas personas incluidas los grupos<br>de poblaci\u00f3n a vacunar, especialmente en aquellas con pr\u00e1cticas de alto riesgo.<\/p>\n","protected":false},"excerpt":{"rendered":"<p>Se recomienda la vacunaci\u00f3n a todos los contactos estrechos que no hayanpasado la enfermedad, seg\u00fan la definici\u00f3n del Protocolo para la detecci\u00f3n precoz y manejo de casos antela alerta de viruela del mono (Monkeypox). La vacunaci\u00f3n se debe realizar en <a href=\"https:\/\/viruelamono.es\/index.php\/profilaxis-posexposicion\/\" class=\"read-more\">Leer m\u00e1s&#8230;<\/a><\/p>\n","protected":false},"author":1,"featured_media":0,"parent":0,"menu_order":0,"comment_status":"closed","ping_status":"closed","template":"","meta":{"footnotes":""},"class_list":["post-401","page","type-page","status-publish","hentry"],"_links":{"self":[{"href":"https:\/\/viruelamono.es\/index.php\/wp-json\/wp\/v2\/pages\/401","targetHints":{"allow":["GET"]}}],"collection":[{"href":"https:\/\/viruelamono.es\/index.php\/wp-json\/wp\/v2\/pages"}],"about":[{"href":"https:\/\/viruelamono.es\/index.php\/wp-json\/wp\/v2\/types\/page"}],"author":[{"embeddable":true,"href":"https:\/\/viruelamono.es\/index.php\/wp-json\/wp\/v2\/users\/1"}],"replies":[{"embeddable":true,"href":"https:\/\/viruelamono.es\/index.php\/wp-json\/wp\/v2\/comments?post=401"}],"version-history":[{"count":1,"href":"https:\/\/viruelamono.es\/index.php\/wp-json\/wp\/v2\/pages\/401\/revisions"}],"predecessor-version":[{"id":402,"href":"https:\/\/viruelamono.es\/index.php\/wp-json\/wp\/v2\/pages\/401\/revisions\/402"}],"wp:attachment":[{"href":"https:\/\/viruelamono.es\/index.php\/wp-json\/wp\/v2\/media?parent=401"}],"curies":[{"name":"wp","href":"https:\/\/api.w.org\/{rel}","templated":true}]}}