{"id":405,"date":"2024-09-07T09:23:07","date_gmt":"2024-09-07T09:23:07","guid":{"rendered":"https:\/\/viruelamono.es\/?page_id=405"},"modified":"2024-09-07T09:28:08","modified_gmt":"2024-09-07T09:28:08","slug":"diagnostico-diferencial-de-las-lesiones-cutaneas-de-la-viruela-m-mpox","status":"publish","type":"page","link":"https:\/\/viruelamono.es\/index.php\/diagnostico-diferencial-de-las-lesiones-cutaneas-de-la-viruela-m-mpox\/","title":{"rendered":"Diagnostico diferencial de la viruela M (mpox)"},"content":{"rendered":"\n<p>El diagn\u00f3stico diferencial de la viruela M ( mpox en ingles y anteriormente conocido como viruela del mono o monkeypox) var\u00eda seg\u00fan el contexto. En pacientes sospechosos procedentes de \u00e1reas de riesgo, el diagn\u00f3stico diferencial debe ser m\u00e1s exhaustivo, incluyendo otras patolog\u00edas importadas. Es crucial diferenciar entre personas que han viajado a \u00e1reas de riesgo y aquellas que no, principalmente para determinar la posible exposici\u00f3n a un clado I, mientras que el clado II est\u00e1 actualmente presente en pa\u00edses europeos.<\/p>\n\n\n\n<p>El diagn\u00f3stico diferencial de las lesiones relacionadas con la viruela M puede ser complejo, abarcando condiciones infecciosas y no infecciosas. Ante cualquier duda, se recomienda la consulta con un especialista en Dermatolog\u00eda y, para viajeros o migrantes, con Unidades de Patolog\u00eda Importada a trav\u00e9s de los procedimientos establecidos en cada \u00e1rea sanitaria, incluida la teledermatolog\u00eda. La presencia de inmunodepresi\u00f3n tambi\u00e9n altera el diagn\u00f3stico diferencial.<\/p>\n\n\n\n<p>Existen pruebas espec\u00edficas que son particularmente \u00fatiles para el diagn\u00f3stico r\u00e1pido de ciertas enfermedades infecciosas consideradas en el diagn\u00f3stico diferencial. Se aconseja revisar la documentaci\u00f3n disponible sobre el diagn\u00f3stico de la viruela M y contactar con los departamentos de Microbiolog\u00eda y Salud P\u00fablica para orientaci\u00f3n adicional.<\/p>\n\n\n\n<div data-wp-interactive=\"core\/file\" class=\"wp-block-file\"><object data-wp-bind--hidden=\"!state.hasPdfPreview\" hidden class=\"wp-block-file__embed\" data=\"https:\/\/viruelamono.es\/wp-content\/uploads\/2024\/09\/20240901-DIAGNOSTICO-DIFERENCIAL-LESIONES-CUTANEAS-MPOX-1.pdf\" type=\"application\/pdf\" style=\"width:100%;height:600px\" aria-label=\"Incrustado de 20240901 DIAGNOSTICO DIFERENCIAL LESIONES CUTANEAS MPOX-1.\"><\/object><a id=\"wp-block-file--media-dfce4522-b1d9-47d6-84ea-afe5b43d7ba0\" href=\"https:\/\/viruelamono.es\/wp-content\/uploads\/2024\/09\/20240901-DIAGNOSTICO-DIFERENCIAL-LESIONES-CUTANEAS-MPOX-1.pdf\">20240901 DIAGNOSTICO DIFERENCIAL LESIONES CUTANEAS MPOX-1<\/a><a href=\"https:\/\/viruelamono.es\/wp-content\/uploads\/2024\/09\/20240901-DIAGNOSTICO-DIFERENCIAL-LESIONES-CUTANEAS-MPOX-1.pdf\" class=\"wp-block-file__button wp-element-button\" download aria-describedby=\"wp-block-file--media-dfce4522-b1d9-47d6-84ea-afe5b43d7ba0\">Descarga<\/a><\/div>\n\n\n\n<p><\/p>\n","protected":false},"excerpt":{"rendered":"<p>El diagn\u00f3stico diferencial de la viruela M ( mpox en ingles y anteriormente conocido como viruela del mono o monkeypox) var\u00eda seg\u00fan el contexto. En pacientes sospechosos procedentes de \u00e1reas de riesgo, el diagn\u00f3stico diferencial debe ser m\u00e1s exhaustivo, incluyendo <a href=\"https:\/\/viruelamono.es\/index.php\/diagnostico-diferencial-de-las-lesiones-cutaneas-de-la-viruela-m-mpox\/\" class=\"read-more\">Leer m\u00e1s&#8230;<\/a><\/p>\n","protected":false},"author":1,"featured_media":0,"parent":0,"menu_order":0,"comment_status":"closed","ping_status":"closed","template":"","meta":{"footnotes":""},"class_list":["post-405","page","type-page","status-publish","hentry"],"_links":{"self":[{"href":"https:\/\/viruelamono.es\/index.php\/wp-json\/wp\/v2\/pages\/405","targetHints":{"allow":["GET"]}}],"collection":[{"href":"https:\/\/viruelamono.es\/index.php\/wp-json\/wp\/v2\/pages"}],"about":[{"href":"https:\/\/viruelamono.es\/index.php\/wp-json\/wp\/v2\/types\/page"}],"author":[{"embeddable":true,"href":"https:\/\/viruelamono.es\/index.php\/wp-json\/wp\/v2\/users\/1"}],"replies":[{"embeddable":true,"href":"https:\/\/viruelamono.es\/index.php\/wp-json\/wp\/v2\/comments?post=405"}],"version-history":[{"count":3,"href":"https:\/\/viruelamono.es\/index.php\/wp-json\/wp\/v2\/pages\/405\/revisions"}],"predecessor-version":[{"id":411,"href":"https:\/\/viruelamono.es\/index.php\/wp-json\/wp\/v2\/pages\/405\/revisions\/411"}],"wp:attachment":[{"href":"https:\/\/viruelamono.es\/index.php\/wp-json\/wp\/v2\/media?parent=405"}],"curies":[{"name":"wp","href":"https:\/\/api.w.org\/{rel}","templated":true}]}}