{"id":77,"date":"2022-06-26T20:25:28","date_gmt":"2022-06-26T20:25:28","guid":{"rendered":"https:\/\/viruelamono.es\/?page_id=77"},"modified":"2024-08-23T06:11:50","modified_gmt":"2024-08-23T06:11:50","slug":"virus-de-la-viruela-del-mono","status":"publish","type":"page","link":"https:\/\/viruelamono.es\/index.php\/virus-de-la-viruela-del-mono\/","title":{"rendered":"Virus de la viruela del mono"},"content":{"rendered":"<figure><\/figure>\n<header class=\"entry-header\">\n<h1 class=\"entry-title\">Virolog\u00eda del mpox<\/h1>\n<\/header>\n<div class=\"entry-content\">\n\nEl virus mpox es un orthopoxvirus que pertenece al mismo g\u00e9nero que el variola (el agente causante de la viruela) y los virus vaccinia (el virus utilizado en la vacuna contra la viruela). La microscop\u00eda electr\u00f3nica de c\u00e9lulas infectadas con el virus mpox muestra un viri\u00f3n con forma de ladrillo, indistinguible de los viriones de los virus variola o vaccinia.\n<div class=\"wp-block-image\">\n<figure class=\"aligncenter size-full is-resized\"><img fetchpriority=\"high\" decoding=\"async\" class=\"wp-image-335\" src=\"https:\/\/viruelamono.es\/wp-content\/uploads\/2024\/08\/imagen-8.png\" sizes=\"(max-width: 428px) 100vw, 428px\" srcset=\"https:\/\/viruelamono.es\/wp-content\/uploads\/2024\/08\/imagen-8.png 428w, https:\/\/viruelamono.es\/wp-content\/uploads\/2024\/08\/imagen-8-300x240.png 300w, https:\/\/viruelamono.es\/wp-content\/uploads\/2024\/08\/imagen-8-338x270.png 338w\" alt=\"\" width=\"428\" height=\"342\" \/><\/figure>\n<\/div>\nFAMILIA: <strong>Poxviridae<\/strong>\n\nSUBFAMILIA: <strong>Chordopoxvirinae<\/strong>\n\nGENERO: <strong>Orthopoxvirus<\/strong>\n\nESPECIES: especies zoonoticas: <strong>Camelpox virus<\/strong>, <strong>Cowpox virus<\/strong>, <strong>Monkeypox virus<\/strong>, <strong>Raccoonpox virus<\/strong>, <strong>Skunkpox virus<\/strong>, <strong>Taterapox virus<\/strong> y especies no zoonoticas: <strong>Ectromelia virus<\/strong> <strong>Vaccinia viru<\/strong>s, <strong>Variola virus<\/strong> y <strong>Volepox virus<\/strong>\n\nHan existido dos cepas distintas del virus de la viruela del mono en diferentes regiones geogr\u00e1ficas de \u00c1frica, seg\u00fan lo sugieren evidencias epidemiol\u00f3gicas, animales y moleculares.\n\nEl Clado I ha sido responsable de la enfermedad en la cuenca del Congo, mientras que el Clado II ha sido aislado en \u00c1frica Occidental. La cepa aislada de \u00c1frica Occidental es menos virulenta y carece de varios genes presentes en la cepa de \u00c1frica Central. M\u00e1s recientemente, se encontr\u00f3 que cada clado tiene subclados (clados Ia e Ib, y clados IIa y IIb).\n\nDiferentes clados del mpox\n\n<img decoding=\"async\" src=\"https:\/\/viruelamono.es\/wp-content\/uploads\/2024\/08\/imagen-5.png\" alt=\"\" \/>\n\nLa existencia de los dos subtipos del clado II fue reconocida durante el brote global de 2022. An\u00e1lisis tempranos de virus de este brote multicontinental revelaron que la gran mayor\u00eda del virus del brote era del clado IIb, similar a las secuencias de cepas que circulaban en Nigeria desde el brote de 2018 a 2019. Datos iniciales de secuenciaci\u00f3n de 15 aislados indicaron que hab\u00eda m\u00e1s mutaciones de lo esperado en el genoma de ADN durante el brote de 2022, planteando la posibilidad de que el virus circulante estuviera experimentando una adaptaci\u00f3n humana acelerada, y estudios adicionales han confirmado este hallazgo.\n\nLa existencia de subclados del clado I fue detectada durante el brote de 2023 en la Rep\u00fablica Democr\u00e1tica del Congo (RDC). La mayor\u00eda de los virus del clado I que circulan en \u00c1frica Central son del clado Ia. Un subtipo distinto, el Clado Ib, fue encontrado con an\u00e1lisis gen\u00f3mico de cepas del virus de la viruela del mono aisladas de la Zona de Salud de Kamituga en la RDC. M\u00e1s informaci\u00f3n detallada sobre el brote en la RDC se encuentra a continuaci\u00f3n.\n\n\n<figure class=\"wp-block-image size-full\"><img decoding=\"async\" width=\"790\" height=\"627\" class=\"wp-image-305 aligncenter\" src=\"https:\/\/viruelamono.es\/wp-content\/uploads\/2024\/08\/imagen-6.png\" alt=\"\" srcset=\"https:\/\/viruelamono.es\/wp-content\/uploads\/2024\/08\/imagen-6.png 790w, https:\/\/viruelamono.es\/wp-content\/uploads\/2024\/08\/imagen-6-300x238.png 300w, https:\/\/viruelamono.es\/wp-content\/uploads\/2024\/08\/imagen-6-768x610.png 768w, https:\/\/viruelamono.es\/wp-content\/uploads\/2024\/08\/imagen-6-340x270.png 340w\" sizes=\"(max-width: 790px) 100vw, 790px\" \/><\/figure>\n\n\nCon la erradicaci\u00f3n de la viruela en 1980 y el posterior cese de la vacunaci\u00f3n contra la viruela, el monkeypox se ha convertido en el orthopoxvirus m\u00e1s importante a nivel global.\n\nEn 2022, un brote mundial del virus de la viruela del mono clado II (MPXV) se extendi\u00f3 a m\u00e1s de 111 pa\u00edses que no hab\u00edan informado previamente casos, afectando predominantemente a la comunidad de hombres que tienen relaciones sexuales con hombres en Europa y Am\u00e9rica. En el a\u00f1o siguiente, el n\u00famero de casos del virus MPXV clado I aument\u00f3 en \u00c1frica, con informes de m\u00e1s de 20,000 casos y 1,000 muertes en 25 de las 26 provincias de la Rep\u00fablica Democr\u00e1tica del Congo (RDC) para junio de 2024. Recientemente demostramos que parte de esto se debe a un brote separado de viruela del mono, que comenz\u00f3 en septiembre de 2023 en la provincia de Kivu del Sur a partir de transmisi\u00f3n mayoritariamente heterosexual y causada por un virus del clado I altamente divergente, ahora designado como clado Ib.\n\nLas vacunas y terapias antivirales utilizadas para prevenir y tratar el mpox deber\u00edan ser efectivas contra ambas cepas Esto se basa en las similitudes antig\u00e9nicas y los objetivos terap\u00e9uticos compartidos por todos los virus del g\u00e9nero orthopoxvirus.\n\n<\/div>","protected":false},"excerpt":{"rendered":"<p>Virolog\u00eda del mpox El virus mpox es un orthopoxvirus que pertenece al mismo g\u00e9nero que el variola (el agente causante de la viruela) y los virus vaccinia (el virus utilizado en la vacuna contra la viruela). La microscop\u00eda electr\u00f3nica de <a href=\"https:\/\/viruelamono.es\/index.php\/virus-de-la-viruela-del-mono\/\" class=\"read-more\">Leer m\u00e1s&#8230;<\/a><\/p>\n","protected":false},"author":1,"featured_media":0,"parent":0,"menu_order":0,"comment_status":"closed","ping_status":"closed","template":"","meta":{"footnotes":""},"class_list":["post-77","page","type-page","status-publish","hentry"],"_links":{"self":[{"href":"https:\/\/viruelamono.es\/index.php\/wp-json\/wp\/v2\/pages\/77","targetHints":{"allow":["GET"]}}],"collection":[{"href":"https:\/\/viruelamono.es\/index.php\/wp-json\/wp\/v2\/pages"}],"about":[{"href":"https:\/\/viruelamono.es\/index.php\/wp-json\/wp\/v2\/types\/page"}],"author":[{"embeddable":true,"href":"https:\/\/viruelamono.es\/index.php\/wp-json\/wp\/v2\/users\/1"}],"replies":[{"embeddable":true,"href":"https:\/\/viruelamono.es\/index.php\/wp-json\/wp\/v2\/comments?post=77"}],"version-history":[{"count":20,"href":"https:\/\/viruelamono.es\/index.php\/wp-json\/wp\/v2\/pages\/77\/revisions"}],"predecessor-version":[{"id":366,"href":"https:\/\/viruelamono.es\/index.php\/wp-json\/wp\/v2\/pages\/77\/revisions\/366"}],"wp:attachment":[{"href":"https:\/\/viruelamono.es\/index.php\/wp-json\/wp\/v2\/media?parent=77"}],"curies":[{"name":"wp","href":"https:\/\/api.w.org\/{rel}","templated":true}]}}