{"id":8,"date":"2022-06-26T18:34:22","date_gmt":"2022-06-26T18:34:22","guid":{"rendered":"https:\/\/viruelamono.es\/?page_id=8"},"modified":"2024-09-07T09:35:21","modified_gmt":"2024-09-07T09:35:21","slug":"que-es-la-viruela-del-mono-monkeypox","status":"publish","type":"page","link":"https:\/\/viruelamono.es\/","title":{"rendered":"\u00bfQu\u00e9 es la viruela M  (mpox, monkeypox o virus de la viruela del mono)?"},"content":{"rendered":"\n<p>El mpox\u00a0 es una zoonosis viral causada por el virus de la viruela del mono, que pertenece al g\u00e9nero <em>Orthopoxvirus<\/em>, de la familia <em>Poxviridae<\/em>.<\/p>\n\n\n<div class=\"wp-block-image\">\n<figure class=\"aligncenter\"><img fetchpriority=\"high\" decoding=\"async\" width=\"300\" height=\"230\" src=\"https:\/\/viruelamono.es\/wp-content\/uploads\/2022\/06\/ortopoxvirus-300x230.jpg\" alt=\"Ortopoxvirus\" class=\"wp-image-87\" srcset=\"https:\/\/viruelamono.es\/wp-content\/uploads\/2022\/06\/ortopoxvirus-300x230.jpg 300w, https:\/\/viruelamono.es\/wp-content\/uploads\/2022\/06\/ortopoxvirus-352x270.jpg 352w, https:\/\/viruelamono.es\/wp-content\/uploads\/2022\/06\/ortopoxvirus.jpg 375w\" sizes=\"(max-width: 300px) 100vw, 300px\" \/><figcaption class=\"wp-element-caption\">Orthopoxvirus<\/figcaption><\/figure>\n<\/div>\n\n\n<p>El g\u00e9nero Orthopoxvirus incluye:<\/p>\n\n\n\n<ul class=\"wp-block-list\">\n<li>El virus de la viruela (el causante de la viruela)<\/li>\n\n\n\n<li>El virus vaccinia (utilizado en la vacuna contra la viruela)<\/li>\n\n\n\n<li>El virus de la viruela bovina.<\/li>\n<\/ul>\n\n\n<p><style>\/*! elementor - v3.23.0 - 05-08-2024 *\/<br \/>\n.elementor-testimonial-wrapper{overflow:hidden;text-align:center}.elementor-testimonial-wrapper .elementor-testimonial-content{font-size:1.3em;margin-bottom:20px}.elementor-testimonial-wrapper .elementor-testimonial-name{line-height:1.5;display:block}.elementor-testimonial-wrapper .elementor-testimonial-job{font-size:.85em;display:block}.elementor-testimonial-wrapper .elementor-testimonial-meta{width:100%;line-height:1}.elementor-testimonial-wrapper .elementor-testimonial-meta-inner{display:inline-block}.elementor-testimonial-wrapper .elementor-testimonial-meta .elementor-testimonial-details,.elementor-testimonial-wrapper .elementor-testimonial-meta .elementor-testimonial-image{display:table-cell;vertical-align:middle}.elementor-testimonial-wrapper .elementor-testimonial-meta .elementor-testimonial-image img{width:60px;height:60px;border-radius:50%;-o-object-fit:cover;object-fit:cover;max-width:none}.elementor-testimonial-wrapper .elementor-testimonial-meta.elementor-testimonial-image-position-aside .elementor-testimonial-image{padding-inline-end:15px}.elementor-testimonial-wrapper .elementor-testimonial-meta.elementor-testimonial-image-position-aside .elementor-testimonial-details{text-align:start}.elementor-testimonial-wrapper .elementor-testimonial-meta.elementor-testimonial-image-position-top .elementor-testimonial-details,.elementor-testimonial-wrapper .elementor-testimonial-meta.elementor-testimonial-image-position-top .elementor-testimonial-image{display:block}.elementor-testimonial-wrapper .elementor-testimonial-meta.elementor-testimonial-image-position-top .elementor-testimonial-image{margin-bottom:20px}<\/style><\/p>\n<p><strong>Emergencia de Salud P\u00fablica Global por Mpox en \u00c1frica (Agosto 2024)<\/strong><\/p>\n<p><i>El 1<b>4 de agosto de 2024,<\/b> la Organizaci\u00f3n Mundial de la Salud declar\u00f3 una emergencia de salud p\u00fablica de importancia internacional relacionada con el brote en curso de mpox en la Rep\u00fablica Democr\u00e1tica del Congo. El brote comenz\u00f3 a principios de 2023 debido al virus del Clado I, que difiere del virus del Clado II que caus\u00f3 el brote global en 2022. Ha habido transmisi\u00f3n a pa\u00edses vecinos como la Rep\u00fablica del Congo y la Rep\u00fablica Centroafricana, y m\u00e1s recientemente a los pa\u00edses anteriormente no end\u00e9micos de Burundi, Ruanda y Uganda. En este brote, los pacientes com\u00fanmente experimentan manifestaciones sist\u00e9micas como fiebre, mialgias, cefalea y linfadenopat\u00eda antes del inicio del sarpullido. Los proveedores de salud deben estar conscientes de este brote, especialmente al evaluar a viajeros que regresan de estas \u00e1reas y presentan s\u00edntomas similares a los de la gripe y\/o el sarpullido caracter\u00edstico.<\/i><\/p>\n<p><img decoding=\"async\" src=\"https:\/\/viruelamono.es\/wp-content\/uploads\/2022\/06\/cropped-PXL_20220623_074033197-1-1-scaled-3-150x150.jpg\" alt=\"\" width=\"150\" height=\"150\" \/><\/p>\n<p><style>\/*! elementor - v3.23.0 - 05-08-2024 *\/<br \/>\n.elementor-column .elementor-spacer-inner{height:var(--spacer-size)}.e-con{--container-widget-width:100%}.e-con-inner>.elementor-widget-spacer,.e-con>.elementor-widget-spacer{width:var(--container-widget-width,var(--spacer-size));--align-self:var(--container-widget-align-self,initial);--flex-shrink:0}.e-con-inner>.elementor-widget-spacer>.elementor-widget-container,.e-con>.elementor-widget-spacer>.elementor-widget-container{height:100%;width:100%}.e-con-inner>.elementor-widget-spacer>.elementor-widget-container>.elementor-spacer,.e-con>.elementor-widget-spacer>.elementor-widget-container>.elementor-spacer{height:100%}.e-con-inner>.elementor-widget-spacer>.elementor-widget-container>.elementor-spacer>.elementor-spacer-inner,.e-con>.elementor-widget-spacer>.elementor-widget-container>.elementor-spacer>.elementor-spacer-inner{height:var(--container-widget-height,var(--spacer-size))}.e-con-inner>.elementor-widget-spacer.elementor-widget-empty,.e-con>.elementor-widget-spacer.elementor-widget-empty{position:relative;min-height:22px;min-width:22px}.e-con-inner>.elementor-widget-spacer.elementor-widget-empty .elementor-widget-empty-icon,.e-con>.elementor-widget-spacer.elementor-widget-empty .elementor-widget-empty-icon{position:absolute;top:0;bottom:0;left:0;right:0;margin:auto;padding:0;width:22px;height:22px}<\/style><\/p>\n<p>\u00a0<\/p>\n\n\n\n<\/p>\n<p>\n\n\n<\/p>\n<p>Mpox o MPXV (anteriormente monkeypox, viruela del mono o viruela s\u00edmica) es una enfermedad zoon\u00f3tica viral poco frecuente causada por el virus de la viruela del mono y resulta en un sarpullido similar al de la viruela. <\/p>\n<p>Los primeros casos humanos se identificaron en la Rep\u00fablica Democr\u00e1tica del Congo en 1970.\u00a0Si bien,\u00a0el n\u00famero de casos en otros pa\u00edses de \u00c1frica ha\u00a0aumentado durante la \u00faltima d\u00e9cada y en la actualidad hay brotes activos en varios pa\u00edses.<\/p>\n<p><img decoding=\"async\" src=\"https:\/\/viruelamono.es\/wp-content\/uploads\/2022\/06\/monkeycongo.png\" alt=\"\" width=\"129\" height=\"129\" \/><\/p>\n<p>Fuera de \u00c1frica, se han documentado casos\u00a0 varios casos de infecciones humanas por viruela del mono en diferentes pa\u00edses desde el 2003 hasta el 2019:\u00a0 Estados Unidos,\u00a0Reino Unido (UK), Israel en\u00a0y Singapur.<\/p>\n<p>En mayo de 2022, la <a href=\"https:\/\/www.gov.uk\/government\/news\/monkeypox-cases-confirmed-in-england-latest-updates\">Agencia de Seguridad Sanitaria del Reino Unido (UKHSA)<\/a> inform\u00f3 sobre la identificaci\u00f3n de\u00a0 casos en el Reino Unido, sin antecedentes recientes de viajes y sin contacto con un caso importado informado. \u00a0Todos los casos informados\u00a0 eran hombres que tienen sexo con hombres (HSH).<\/p>\n<p><img loading=\"lazy\" decoding=\"async\" src=\"https:\/\/viruelamono.es\/wp-content\/uploads\/2022\/06\/ukmonkey.jpg\" alt=\"Imagenes de monkeypox en reino unido\" width=\"300\" height=\"200\" \/><\/p>\n<p>Desde entonces numerosos pa\u00edses de Europa, incluyendo Espa\u00f1a tambi\u00e9n han comunicado casos confirmados.<\/p>\n<p><img alt=\"\" \/><\/p>\n<p>\n\n<\/p>\n<p>\n\n<\/p>\n<p>\n\n<\/p>\n<p>\n\n<\/p>\n<p>\n\n<\/p>\n<p>\n\n<\/p><p><b>DEFINICI\u00d3N DE CASO (RESUMEN)<\/b><\/p>\n<p>C<b>riterio cl\u00ednico:<\/b><br \/>Una persona con un exantema vesicular, en cualquier parte del cuerpo, que presenta uno o m\u00e1s s\u00edntomas o signos cl\u00e1sicos de infecci\u00f3n por monkeypox (MPX)* una vez descartadas otras patolog\u00edas.<br \/>*Enfermedad aguda con fiebre (&gt;38.5\u00b0C), dolor de cabeza intenso, mialgia, artralgia, dolor de espalda, linfadenopat\u00eda.<\/p>\n<p>C<b>riterio epidemiol\u00f3gico:<\/b><br \/>Si en los 21 d\u00edas antes del inicio de s\u00edntomas cumple uno de los siguientes:<\/p>\n<ul>\n<li>Ha tenido un contacto estrecho con un caso confirmado o todav\u00eda en investigaci\u00f3n de MPX.<\/li>\n<li>Ha mantenido relaciones en contextos sexuales de riesgo.<\/li>\n<li><u>Tiene historia de viaje a zonas end\u00e9micas de \u00c1frica occidental o central en los que se ha identificado circulaci\u00f3n del virus. (sobretodo en clado I)<br \/><\/u><\/li>\n<\/ul>\n<p>C<b>riterio de laboratorio:<\/b><br \/>Detecci\u00f3n de genoma de virus de MPX (MPXV) en muestra cl\u00ednica por PCR o secuenciaci\u00f3n.<\/p>\n<p>\u00a0<\/p>\n<p><strong>C<\/strong><b>aso sospechoso:<\/b> cumple el criterio cl\u00ednico<br \/><strong>Caso probable:<\/strong> cumple criterio cl\u00ednico y criterio epidemiol\u00f3gico<br \/><strong>Caso confirmado:<\/strong> cumple criterio de laboratorio<\/p>\n<p>\u00a0<\/p><p>Sarpullido caracter\u00edstico<\/p>\n<p>El sarpullido caracter\u00edstico asociado con las lesiones de mpox involucra lesiones profundas y bien circunscritas, a menudo con umbilicaci\u00f3n central. Las lesiones progresan a trav\u00e9s de etapas secuenciales espec\u00edficas: m\u00e1culas, p\u00e1pulas, ves\u00edculas, p\u00fastulas y costras.<\/p>\t\t\n\t\t\t<style>\/*! elementor - v3.23.0 - 05-08-2024 *\/\n.elementor-widget-image{text-align:center}.elementor-widget-image a{display:inline-block}.elementor-widget-image a img[src$=\".svg\"]{width:48px}.elementor-widget-image img{vertical-align:middle;display:inline-block}<\/style>\t\t\t\t\t\t\t\t\t\t<img loading=\"lazy\" decoding=\"async\" width=\"847\" height=\"446\" src=\"https:\/\/viruelamono.es\/wp-content\/uploads\/2024\/08\/MPOX-1024x539.png\" alt=\"\" srcset=\"https:\/\/viruelamono.es\/wp-content\/uploads\/2024\/08\/MPOX-1024x539.png 1024w, https:\/\/viruelamono.es\/wp-content\/uploads\/2024\/08\/MPOX-300x158.png 300w, https:\/\/viruelamono.es\/wp-content\/uploads\/2024\/08\/MPOX-768x404.png 768w, https:\/\/viruelamono.es\/wp-content\/uploads\/2024\/08\/MPOX-360x189.png 360w, https:\/\/viruelamono.es\/wp-content\/uploads\/2024\/08\/MPOX.png 1078w\" sizes=\"(max-width: 847px) 100vw, 847px\" \/>\n","protected":false},"excerpt":{"rendered":"<p>El mpox\u00a0 es una zoonosis viral causada por el virus de la viruela del mono, que pertenece al g\u00e9nero Orthopoxvirus, de la familia Poxviridae. El g\u00e9nero Orthopoxvirus incluye: Emergencia de Salud P\u00fablica Global por Mpox en \u00c1frica (Agosto 2024) El <a href=\"https:\/\/viruelamono.es\/\" class=\"read-more\">Leer m\u00e1s&#8230;<\/a><\/p>\n","protected":false},"author":1,"featured_media":0,"parent":0,"menu_order":0,"comment_status":"closed","ping_status":"closed","template":"","meta":{"footnotes":""},"class_list":["post-8","page","type-page","status-publish","hentry"],"_links":{"self":[{"href":"https:\/\/viruelamono.es\/index.php\/wp-json\/wp\/v2\/pages\/8","targetHints":{"allow":["GET"]}}],"collection":[{"href":"https:\/\/viruelamono.es\/index.php\/wp-json\/wp\/v2\/pages"}],"about":[{"href":"https:\/\/viruelamono.es\/index.php\/wp-json\/wp\/v2\/types\/page"}],"author":[{"embeddable":true,"href":"https:\/\/viruelamono.es\/index.php\/wp-json\/wp\/v2\/users\/1"}],"replies":[{"embeddable":true,"href":"https:\/\/viruelamono.es\/index.php\/wp-json\/wp\/v2\/comments?post=8"}],"version-history":[{"count":55,"href":"https:\/\/viruelamono.es\/index.php\/wp-json\/wp\/v2\/pages\/8\/revisions"}],"predecessor-version":[{"id":414,"href":"https:\/\/viruelamono.es\/index.php\/wp-json\/wp\/v2\/pages\/8\/revisions\/414"}],"wp:attachment":[{"href":"https:\/\/viruelamono.es\/index.php\/wp-json\/wp\/v2\/media?parent=8"}],"curies":[{"name":"wp","href":"https:\/\/api.w.org\/{rel}","templated":true}]}}