{"id":92,"date":"2022-06-26T20:48:40","date_gmt":"2022-06-26T20:48:40","guid":{"rendered":"https:\/\/viruelamono.es\/?page_id=92"},"modified":"2024-08-23T06:41:13","modified_gmt":"2024-08-23T06:41:13","slug":"transmision","status":"publish","type":"page","link":"https:\/\/viruelamono.es\/index.php\/transmision\/","title":{"rendered":"Enfermedad Infecciosa de Alto Impacto"},"content":{"rendered":"\n<p>En la epidemia actual por la nueva variante clado I del virus de la viruela del simio (MPXV) se ha documentado la transmisi\u00f3n de persona a persona a trav\u00e9s del contacto f\u00edsico cercano y de la transmisi\u00f3n sexual y no sexual. Hasta la fecha, todav\u00eda existen incertidumbres significativas sobre las principales v\u00edas de transmisi\u00f3n, la transmisibilidad, la gravedad y la historia natural de la enfermedad, y si estas difieren entre los dos subclados circulantes del clado I MPXV.<\/p>\n\n\n\n<p>HCID, que significa \u00abHigh Consequence Infectious Disease\u00bb (Enfermedad Infecciosa de Alto impacto), se refiere a enfermedades que tienen un alto potencial de impacto en t\u00e9rminos de consecuencias severas para la salud p\u00fablica. Esto puede incluir alta <strong>mortalidad<\/strong>, <strong>potencial de causar un brote significativo<\/strong>, posiblemente con transmisi\u00f3n comunitaria extensa, y generalmente requerimiento de una respuesta especial de salud p\u00fablica. La categorizaci\u00f3n como HCID tambi\u00e9n implica que hay <strong>necesidades espec\u00edficas<\/strong> en t\u00e9rminos de manejo cl\u00ednico, medidas de control y protocolos de respuesta en caso de un brote.<\/p>\n\n\n\n<hr class=\"wp-block-separator has-alpha-channel-opacity\"\/>\n\n\n\n<p><strong>Cuando el clado del mpox no es conoc<\/strong>ido y : <\/p>\n\n\n\n<ul class=\"wp-block-list\">\n<li>hay historial de viajes a un pa\u00eds end\u00e9mico conocido, o v\u00ednculo con un viajero y\/o<\/li>\n\n\n\n<li>v\u00ednculo con un caso conocido por estar fuera del Clado IIb, linaje B.1 y\/o<\/li>\n\n\n\n<li>el caso resulta de un nuevo salto zoon\u00f3tico en cualquier pa\u00eds o contexto<\/li>\n<\/ul>\n\n\n\n<p><strong>Cuando el clado es conocido:<\/strong><\/p>\n\n\n\n<figure class=\"wp-block-table\"><table class=\"has-fixed-layout\"><thead><tr><th>Clasificaci\u00f3n de clados de la OMS<\/th><th>\u00bfHCID*?<\/th><\/tr><\/thead><tbody><tr><td>Clado I (todos)<\/td><td>S\u00ed<\/td><\/tr><tr><td>Clado IIa (todos)<\/td><td>S\u00ed<\/td><\/tr><tr><td>Clado IIb (linaje B.1)<\/td><td>No<\/td><\/tr><tr><td>Clado IIb (linajes no B.1)<\/td><td>S\u00ed<\/td><\/tr><\/tbody><\/table><\/figure>\n\n\n\n<p>(*) HCID: Enfermedad Infecciosa de Alto Impacto<\/p>\n\n\n\n<hr class=\"wp-block-separator has-alpha-channel-opacity\"\/>\n\n\n\n<p>Diferencias la transmisibilidad en el Clado Ia y Clado Ib<\/p>\n\n\n\n<p><\/p>\n\n\n\n<figure class=\"wp-block-image size-large\"><img fetchpriority=\"high\" decoding=\"async\" width=\"1024\" height=\"445\" src=\"https:\/\/viruelamono.es\/wp-content\/uploads\/2024\/08\/imagen-2-1024x445.png\" alt=\"\" class=\"wp-image-290\" srcset=\"https:\/\/viruelamono.es\/wp-content\/uploads\/2024\/08\/imagen-2-1024x445.png 1024w, https:\/\/viruelamono.es\/wp-content\/uploads\/2024\/08\/imagen-2-300x130.png 300w, https:\/\/viruelamono.es\/wp-content\/uploads\/2024\/08\/imagen-2-768x334.png 768w, https:\/\/viruelamono.es\/wp-content\/uploads\/2024\/08\/imagen-2-360x156.png 360w, https:\/\/viruelamono.es\/wp-content\/uploads\/2024\/08\/imagen-2.png 1070w\" sizes=\"(max-width: 1024px) 100vw, 1024px\" \/><\/figure>\n\n\n\n<p><\/p>\n","protected":false},"excerpt":{"rendered":"<p>En la epidemia actual por la nueva variante clado I del virus de la viruela del simio (MPXV) se ha documentado la transmisi\u00f3n de persona a persona a trav\u00e9s del contacto f\u00edsico cercano y de la transmisi\u00f3n sexual y no <a href=\"https:\/\/viruelamono.es\/index.php\/transmision\/\" class=\"read-more\">Leer m\u00e1s&#8230;<\/a><\/p>\n","protected":false},"author":1,"featured_media":0,"parent":0,"menu_order":0,"comment_status":"closed","ping_status":"closed","template":"","meta":{"footnotes":""},"class_list":["post-92","page","type-page","status-publish","hentry"],"_links":{"self":[{"href":"https:\/\/viruelamono.es\/index.php\/wp-json\/wp\/v2\/pages\/92","targetHints":{"allow":["GET"]}}],"collection":[{"href":"https:\/\/viruelamono.es\/index.php\/wp-json\/wp\/v2\/pages"}],"about":[{"href":"https:\/\/viruelamono.es\/index.php\/wp-json\/wp\/v2\/types\/page"}],"author":[{"embeddable":true,"href":"https:\/\/viruelamono.es\/index.php\/wp-json\/wp\/v2\/users\/1"}],"replies":[{"embeddable":true,"href":"https:\/\/viruelamono.es\/index.php\/wp-json\/wp\/v2\/comments?post=92"}],"version-history":[{"count":10,"href":"https:\/\/viruelamono.es\/index.php\/wp-json\/wp\/v2\/pages\/92\/revisions"}],"predecessor-version":[{"id":385,"href":"https:\/\/viruelamono.es\/index.php\/wp-json\/wp\/v2\/pages\/92\/revisions\/385"}],"wp:attachment":[{"href":"https:\/\/viruelamono.es\/index.php\/wp-json\/wp\/v2\/media?parent=92"}],"curies":[{"name":"wp","href":"https:\/\/api.w.org\/{rel}","templated":true}]}}